{"id":1998718,"date":"2017-09-29T14:52:19","date_gmt":"2017-09-29T12:52:19","guid":{"rendered":"https:\/\/de.tilta.com\/shop\/nucleus-m-fiz-hand-unit-lanyard-laniere-de-lunite-manuelle\/"},"modified":"2025-12-05T13:20:57","modified_gmt":"2025-12-05T12:20:57","slug":"nucleus-m-fiz-hand-unit-lanyard","status":"publish","type":"product","link":"https:\/\/eu.tilta.com\/fr\/shop\/nucleus-m-fiz-hand-unit-lanyard\/","title":{"rendered":"Nucleus-M FIZ Hand Unit Lanyard (lani\u00e8re de l&#8217;unit\u00e9 manuelle)"},"content":{"rendered":"<p>Ce cordon personnalis\u00e9 se fixe \u00e0 l&#8217;unit\u00e9 portable Nucleus-M pour vous permettre de toujours la garder pr\u00e8s de votre corps pendant les p\u00e9riodes agit\u00e9es du tournage.<\/p>\n","protected":false},"excerpt":{"rendered":"<p>Ce cordon personnalis\u00e9 se fixe \u00e0 l&#8217;unit\u00e9 portable Nucleus-M pour vous permettre de toujours la garder pr\u00e8s de votre corps pendant les p\u00e9riodes agit\u00e9es du tournage.<\/p>\n","protected":false},"featured_media":1998722,"comment_status":"closed","ping_status":"closed","template":"","meta":[],"product_cat":[2299],"product_tag":[2479],"acf":[],"gallery_images":[],"_links":{"self":[{"href":"https:\/\/eu.tilta.com\/fr\/wp-json\/wp\/v2\/product\/1998718"}],"collection":[{"href":"https:\/\/eu.tilta.com\/fr\/wp-json\/wp\/v2\/product"}],"about":[{"href":"https:\/\/eu.tilta.com\/fr\/wp-json\/wp\/v2\/types\/product"}],"replies":[{"embeddable":true,"href":"https:\/\/eu.tilta.com\/fr\/wp-json\/wp\/v2\/comments?post=1998718"}],"wp:featuredmedia":[{"embeddable":true,"href":"https:\/\/eu.tilta.com\/fr\/wp-json\/wp\/v2\/media\/1998722"}],"wp:attachment":[{"href":"https:\/\/eu.tilta.com\/fr\/wp-json\/wp\/v2\/media?parent=1998718"}],"wp:term":[{"taxonomy":"product_cat","embeddable":true,"href":"https:\/\/eu.tilta.com\/fr\/wp-json\/wp\/v2\/product_cat?post=1998718"},{"taxonomy":"product_tag","embeddable":true,"href":"https:\/\/eu.tilta.com\/fr\/wp-json\/wp\/v2\/product_tag?post=1998718"}],"curies":[{"name":"wp","href":"https:\/\/api.w.org\/{rel}","templated":true}]}}