{"id":1998728,"date":"2017-08-31T10:26:11","date_gmt":"2017-08-31T08:26:11","guid":{"rendered":"https:\/\/de.tilta.com\/shop\/disque-de-marquage-nucleus-m-follow-focus-x4\/"},"modified":"2026-04-01T12:10:50","modified_gmt":"2026-04-01T10:10:50","slug":"nucleus-m-follow-focus-marking-disk-x4","status":"publish","type":"product","link":"https:\/\/eu.tilta.com\/fr\/shop\/nucleus-m-follow-focus-marking-disk-x4\/","title":{"rendered":"Disque de marquage Nucleus-M Follow Focus (x4)"},"content":{"rendered":"<p>Ces disques de marquage de suivi de la mise au point se fixent au volant de l&#8217;unit\u00e9 manuelle FIZ pour vous permettre de cr\u00e9er des marques personnalis\u00e9es pour des mises au point pr\u00e9cises.<\/p>\n","protected":false},"excerpt":{"rendered":"<p>Ces disques de marquage de suivi de la mise au point se fixent au volant de l&#8217;unit\u00e9 manuelle FIZ pour vous permettre de cr\u00e9er des marques personnalis\u00e9es pour des mises au point pr\u00e9cises.<\/p>\n","protected":false},"featured_media":1998730,"comment_status":"closed","ping_status":"closed","template":"","meta":[],"product_cat":[2299],"product_tag":[],"acf":[],"gallery_images":[2504],"_links":{"self":[{"href":"https:\/\/eu.tilta.com\/fr\/wp-json\/wp\/v2\/product\/1998728"}],"collection":[{"href":"https:\/\/eu.tilta.com\/fr\/wp-json\/wp\/v2\/product"}],"about":[{"href":"https:\/\/eu.tilta.com\/fr\/wp-json\/wp\/v2\/types\/product"}],"replies":[{"embeddable":true,"href":"https:\/\/eu.tilta.com\/fr\/wp-json\/wp\/v2\/comments?post=1998728"}],"wp:featuredmedia":[{"embeddable":true,"href":"https:\/\/eu.tilta.com\/fr\/wp-json\/wp\/v2\/media\/1998730"}],"wp:attachment":[{"href":"https:\/\/eu.tilta.com\/fr\/wp-json\/wp\/v2\/media?parent=1998728"}],"wp:term":[{"taxonomy":"product_cat","embeddable":true,"href":"https:\/\/eu.tilta.com\/fr\/wp-json\/wp\/v2\/product_cat?post=1998728"},{"taxonomy":"product_tag","embeddable":true,"href":"https:\/\/eu.tilta.com\/fr\/wp-json\/wp\/v2\/product_tag?post=1998728"}],"curies":[{"name":"wp","href":"https:\/\/api.w.org\/{rel}","templated":true}]}}