{"id":1998768,"date":"2017-08-08T08:58:02","date_gmt":"2017-08-08T06:58:02","guid":{"rendered":"https:\/\/de.tilta.com\/shop\/poignee-nucleus-m-gauche\/"},"modified":"2025-12-05T13:21:02","modified_gmt":"2025-12-05T12:21:02","slug":"nucleus-m-handle-grip-left","status":"publish","type":"product","link":"https:\/\/eu.tilta.com\/fr\/shop\/nucleus-m-handle-grip-left\/","title":{"rendered":"Poign\u00e9e Nucleus-M (gauche)"},"content":{"rendered":"<p>Cette poign\u00e9e gauche Nucleus M vous permet de contr\u00f4ler les moteurs de mise au point sans fil Nucleus M et Nucleus Nano.<\/p>\n<p>La poign\u00e9e gauche peut contr\u00f4ler un seul moteur assign\u00e9 par le bouton AC Finger. Le couple de chaque moteur peut \u00eatre modifi\u00e9 \u00e0 partir du menu de la poign\u00e9e.<\/p>\n<p>Le d\u00e9marrage\/arr\u00eat \u00e0 distance est possible en branchant un c\u00e2ble Nucleus-M R\/S compatible sur le port 7 broches ouvert d&#8217;un moteur. Cela vous permet d&#8217;effectuer des prises de vue en rafale \u00e0 l&#8217;aide du bouton REC de la poign\u00e9e.<\/p>\n<p>Il est possible de cr\u00e9er des but\u00e9es A-B pour le bouton de doigt et d&#8217;ajuster le lancer pour des lancers plus courts ou plus longs.<\/p>\n<p>Aliment\u00e9 par (2) piles 18650 &#8211; <strong>NON incluses<\/strong>. La poign\u00e9e peut \u00eatre aliment\u00e9e par le port 7 broches de l&#8217;appareil photo.<\/p>\n<hr>\n","protected":false},"excerpt":{"rendered":"<p>Cette poign\u00e9e gauche Nucleus M vous permet de contr\u00f4ler les moteurs de mise au point sans fil Nucleus M et Nucleus Nano. La poign\u00e9e gauche peut contr\u00f4ler un seul moteur assign\u00e9 par le bouton AC Finger. Le couple de chaque [&hellip;]<\/p>\n","protected":false},"featured_media":1998770,"comment_status":"closed","ping_status":"closed","template":"","meta":[],"product_cat":[2299],"product_tag":[],"acf":[],"gallery_images":[],"_links":{"self":[{"href":"https:\/\/eu.tilta.com\/fr\/wp-json\/wp\/v2\/product\/1998768"}],"collection":[{"href":"https:\/\/eu.tilta.com\/fr\/wp-json\/wp\/v2\/product"}],"about":[{"href":"https:\/\/eu.tilta.com\/fr\/wp-json\/wp\/v2\/types\/product"}],"replies":[{"embeddable":true,"href":"https:\/\/eu.tilta.com\/fr\/wp-json\/wp\/v2\/comments?post=1998768"}],"wp:featuredmedia":[{"embeddable":true,"href":"https:\/\/eu.tilta.com\/fr\/wp-json\/wp\/v2\/media\/1998770"}],"wp:attachment":[{"href":"https:\/\/eu.tilta.com\/fr\/wp-json\/wp\/v2\/media?parent=1998768"}],"wp:term":[{"taxonomy":"product_cat","embeddable":true,"href":"https:\/\/eu.tilta.com\/fr\/wp-json\/wp\/v2\/product_cat?post=1998768"},{"taxonomy":"product_tag","embeddable":true,"href":"https:\/\/eu.tilta.com\/fr\/wp-json\/wp\/v2\/product_tag?post=1998768"}],"curies":[{"name":"wp","href":"https:\/\/api.w.org\/{rel}","templated":true}]}}