{"id":1998776,"date":"2017-08-03T14:19:21","date_gmt":"2017-08-03T12:19:21","guid":{"rendered":"https:\/\/de.tilta.com\/shop\/nucleus-m-hard-shell-waterproof-safety-case-mallette-de-securite-etanche-a-coque-dure\/"},"modified":"2025-12-05T13:21:03","modified_gmt":"2025-12-05T12:21:03","slug":"nucleus-m-hard-shell-waterproof-safety-case","status":"publish","type":"product","link":"https:\/\/eu.tilta.com\/fr\/shop\/nucleus-m-hard-shell-waterproof-safety-case\/","title":{"rendered":"Nucleus-M Hard Shell Waterproof Safety Case (mallette de s\u00e9curit\u00e9 \u00e9tanche \u00e0 coque dure)"},"content":{"rendered":"<p>Prot\u00e9gez et rangez votre Nucleus-M : Wireless Lens Control System gr\u00e2ce \u00e0 cet \u00e9tui de s\u00e9curit\u00e9 \u00e9tanche de format voyage. Des d\u00e9coupes en mousse sur mesure permettent de serrer votre Nucleus-M dans l&#8217;\u00e9tui pour une protection et une portabilit\u00e9 maximales.<\/p>\n","protected":false},"excerpt":{"rendered":"<p>Prot\u00e9gez et rangez votre Nucleus-M : Wireless Lens Control System gr\u00e2ce \u00e0 cet \u00e9tui de s\u00e9curit\u00e9 \u00e9tanche de format voyage. Des d\u00e9coupes en mousse sur mesure permettent de serrer votre Nucleus-M dans l&#8217;\u00e9tui pour une protection et une portabilit\u00e9 maximales.<\/p>\n","protected":false},"featured_media":1998777,"comment_status":"closed","ping_status":"closed","template":"","meta":[],"product_cat":[2299],"product_tag":[],"acf":[],"gallery_images":[2596],"_links":{"self":[{"href":"https:\/\/eu.tilta.com\/fr\/wp-json\/wp\/v2\/product\/1998776"}],"collection":[{"href":"https:\/\/eu.tilta.com\/fr\/wp-json\/wp\/v2\/product"}],"about":[{"href":"https:\/\/eu.tilta.com\/fr\/wp-json\/wp\/v2\/types\/product"}],"replies":[{"embeddable":true,"href":"https:\/\/eu.tilta.com\/fr\/wp-json\/wp\/v2\/comments?post=1998776"}],"wp:featuredmedia":[{"embeddable":true,"href":"https:\/\/eu.tilta.com\/fr\/wp-json\/wp\/v2\/media\/1998777"}],"wp:attachment":[{"href":"https:\/\/eu.tilta.com\/fr\/wp-json\/wp\/v2\/media?parent=1998776"}],"wp:term":[{"taxonomy":"product_cat","embeddable":true,"href":"https:\/\/eu.tilta.com\/fr\/wp-json\/wp\/v2\/product_cat?post=1998776"},{"taxonomy":"product_tag","embeddable":true,"href":"https:\/\/eu.tilta.com\/fr\/wp-json\/wp\/v2\/product_tag?post=1998776"}],"curies":[{"name":"wp","href":"https:\/\/api.w.org\/{rel}","templated":true}]}}