{"id":1998812,"date":"2017-07-24T13:48:07","date_gmt":"2017-07-24T11:48:07","guid":{"rendered":"https:\/\/de.tilta.com\/shop\/pont-a-poignee-a-degagement-rapide\/"},"modified":"2025-12-05T13:21:30","modified_gmt":"2025-12-05T12:21:30","slug":"nucleus-m-quick-release-handle-grip-bridge-19mm15mm-lwr","status":"publish","type":"product","link":"https:\/\/eu.tilta.com\/fr\/shop\/nucleus-m-quick-release-handle-grip-bridge-19mm15mm-lwr\/","title":{"rendered":"Pont \u00e0 poign\u00e9e \u00e0 d\u00e9gagement rapide"},"content":{"rendered":"<div class=\"overview-text\">\n<p>Ce pont de poign\u00e9e vous permet de connecter rapidement vos poign\u00e9es au syst\u00e8me de tige de votre cam\u00e9ra afin d&#8217;\u00eatre pr\u00eat \u00e0 travailler \u00e0 la main en quelques secondes. Il suffit de placer le pont sur les tiges et de le fixer \u00e0 l&#8217;aide de la vis de serrage \u00e0 main.<\/p>\n<p>Le bridge est disponible en deux versions : l&#8217;une avec des pinces de montage de tige pour les installations de 15 mm en studio et de 15 mm en LWS et l&#8217;autre avec des pinces pour les installations de 19 mm en studio et de 15 mm en LWS.<\/p>\n<\/div>\n","protected":false},"excerpt":{"rendered":"<p>Ce pont de poign\u00e9e vous permet de connecter rapidement vos poign\u00e9es au syst\u00e8me de tige de votre cam\u00e9ra afin d&#8217;\u00eatre pr\u00eat \u00e0 travailler \u00e0 la main en quelques secondes. Il suffit de placer le pont sur les tiges et de [&hellip;]<\/p>\n","protected":false},"featured_media":1998813,"comment_status":"closed","ping_status":"closed","template":"","meta":[],"product_cat":[2299,2301],"product_tag":[2479],"acf":[],"gallery_images":[],"_links":{"self":[{"href":"https:\/\/eu.tilta.com\/fr\/wp-json\/wp\/v2\/product\/1998812"}],"collection":[{"href":"https:\/\/eu.tilta.com\/fr\/wp-json\/wp\/v2\/product"}],"about":[{"href":"https:\/\/eu.tilta.com\/fr\/wp-json\/wp\/v2\/types\/product"}],"replies":[{"embeddable":true,"href":"https:\/\/eu.tilta.com\/fr\/wp-json\/wp\/v2\/comments?post=1998812"}],"wp:featuredmedia":[{"embeddable":true,"href":"https:\/\/eu.tilta.com\/fr\/wp-json\/wp\/v2\/media\/1998813"}],"wp:attachment":[{"href":"https:\/\/eu.tilta.com\/fr\/wp-json\/wp\/v2\/media?parent=1998812"}],"wp:term":[{"taxonomy":"product_cat","embeddable":true,"href":"https:\/\/eu.tilta.com\/fr\/wp-json\/wp\/v2\/product_cat?post=1998812"},{"taxonomy":"product_tag","embeddable":true,"href":"https:\/\/eu.tilta.com\/fr\/wp-json\/wp\/v2\/product_tag?post=1998812"}],"curies":[{"name":"wp","href":"https:\/\/api.w.org\/{rel}","templated":true}]}}