{"id":1998840,"date":"2017-07-20T11:48:42","date_gmt":"2017-07-20T09:48:42","guid":{"rendered":"https:\/\/de.tilta.com\/shop\/nucleus-m-systeme-de-controle-sans-fil-de-lobjectif\/"},"modified":"2026-02-11T06:57:34","modified_gmt":"2026-02-11T05:57:34","slug":"nucleus-m-wireless-follow-focus","status":"publish","type":"product","link":"https:\/\/eu.tilta.com\/fr\/shop\/nucleus-m-wireless-follow-focus\/","title":{"rendered":"Nucleus-M : Syst\u00e8me de contr\u00f4le sans fil de l&#8217;objectif"},"content":{"rendered":"<p>Le Nucleus-M est un syst\u00e8me r\u00e9volutionnaire et hautement personnalisable de contr\u00f4le d&#8217;objectif sans fil \u00e0 3 canaux.<\/p>\n<p>Il vous permet de contr\u00f4ler enti\u00e8rement la mise au point, le diaphragme et le zoom sur l&#8217;unit\u00e9 manuelle FIZ ou entre les deux poign\u00e9es sans fil. Vous pouvez m\u00eame r\u00e9partir le contr\u00f4le des canaux entre l&#8217;unit\u00e9 manuelle et les poign\u00e9es sans fil en appuyant sur un bouton.<\/p>\n<p>La port\u00e9e sans fil de l&#8217;unit\u00e9 manuelle et des poign\u00e9es est de 1 000 pieds.<\/p>\n<p>Les poign\u00e9es peuvent \u00eatre fix\u00e9es aux rosettes incluses pour un fonctionnement \u00e0 la main et peuvent \u00e9galement \u00eatre fix\u00e9es aux cardans \u00e0 barre sup\u00e9rieure avec les <a href=\"https:\/\/de.tilta.com\/shop\/nucleus-m-handle-grip-mount-gimbal-adapter-lr\/\">adaptateurs Nucleus-M Hand Grip to Gimbal<\/a> inclus ou aux cardans \u00e0 anneau avec les <a href=\"https:\/\/de.tilta.com\/shop\/nucleus-m-hand-grips-universal-gimbal-adapter-rosettes-lr\/\">adaptateurs Nucleus-M Hand Grip Universal Gimbal Ring<\/a> optionnels.<\/p>\n<p>Chaque moteur poss\u00e8de sa propre commande int\u00e9gr\u00e9e qui communique directement avec l&#8217;unit\u00e9 manuelle et les poign\u00e9es. Il n&#8217;est donc pas n\u00e9cessaire de monter un MDR s\u00e9par\u00e9 sur votre appareil, ce qui permet une installation plus compacte de la cam\u00e9ra et un temps d&#8217;installation plus rapide.<\/p>\n<p>Il suffit de r\u00e9gler les moteurs et l&#8217;unit\u00e9 manuelle\/les poign\u00e9es sur le m\u00eame canal pour b\u00e9n\u00e9ficier d&#8217;un contr\u00f4le total.<\/p>\n<p>Les moteurs permettent un \u00e9talonnage automatique de l&#8217;objectif ainsi qu&#8217;un \u00e9talonnage manuel si vous utilisez des objectifs qui n&#8217;ont pas de but\u00e9es dures \u00e0 la mise au point rapproch\u00e9e et \u00e0 l&#8217;infini.<\/p>\n<p>Les moteurs sont con\u00e7us pour \u00eatre fix\u00e9s sur des <a href=\"https:\/\/de.tilta.com\/shop\/15mm-aluminum-rod\/\">tiges de<\/a> <a href=\"https:\/\/de.tilta.com\/shop\/19mm-rod\/\">19 mm<\/a> ou <a href=\"https:\/\/de.tilta.com\/shop\/15mm-aluminum-rod\/\">15 mm<\/a> (avec les bagues de tige incluses). Cette conception \u00e0 pince vous permet d&#8217;attacher et de d\u00e9tacher facilement les moteurs sans avoir \u00e0 retirer d&#8217;autres accessoires de votre installation.<\/p>\n<p>Chaque moteur est \u00e9quip\u00e9 d&#8217;un engrenage de 0,8 mod, 35 dents, 32 pas, qui est la taille d&#8217;engrenage standard pour les objectifs de cin\u00e9ma.  <strong>Le couple du moteur Nucleus-M \u00e0 14,8 V est de 2,5 N-m.<\/strong><\/p>\n<p>Pour alimenter les moteurs, un seul port d&#8217;alimentation de votre appareil photo doit \u00eatre utilis\u00e9. Il suffit de brancher le c\u00e2ble d&#8217;alimentation P-tap sur l&#8217;un des moteurs, puis d&#8217;alimenter les autres moteurs en guirlande \u00e0 l&#8217;aide des c\u00e2bles courts de 7 broches \u00e0 7 broches.<\/p>\n<p><strong>Les moteurs peuvent \u00eatre aliment\u00e9s par une source d&#8217;\u00e9nergie dont la tension de sortie est comprise entre 7,2 et 24 V.<\/strong><\/p>\n<p>L&#8217;unit\u00e9 et les poign\u00e9es sont aliment\u00e9es par deux piles rechargeables 18650<strong> (piles NON incluses<\/strong>). Lorsqu&#8217;elles sont compl\u00e8tement charg\u00e9es, les batteries des poign\u00e9es durent jusqu&#8217;\u00e0 2 jours, tandis que celles de l&#8217;unit\u00e9 portable durent jusqu&#8217;\u00e0 10 heures.<\/p>\n<p>Le d\u00e9marrage\/arr\u00eat \u00e0 distance est possible en branchant un c\u00e2ble Nucleus-M R\/S compatible sur le port 7 broches ouvert d&#8217;un moteur. Cela vous permet d&#8217;avoir des capacit\u00e9s R\/S par l&#8217;interm\u00e9diaire de l&#8217;unit\u00e9 manuelle et\/ou des poign\u00e9es.<\/p>\n<p><strong>** VEUILLEZ NOTER : Les c\u00e2bles R\/S que nous proposons pour nos poign\u00e9es en bois NE SONT PAS compatibles avec le Nucleus-M car les configurations techniques et de broches sont compl\u00e8tement diff\u00e9rentes. L&#8217;utilisation de la poign\u00e9e en bois Les c\u00e2bles R\/S ne peuvent pas \u00eatre utilis\u00e9s en toute s\u00e9curit\u00e9 avec le Nucleus-M.  <\/strong><\/p>\n<p><strong>N&#8217;utilisez que des c\u00e2bles que nous avons d\u00e9velopp\u00e9s exclusivement pour le syst\u00e8me Nucleus-M.  <\/strong><\/p>\n","protected":false},"excerpt":{"rendered":"<p>Le Nucleus-M est un syst\u00e8me r\u00e9volutionnaire et hautement personnalisable de contr\u00f4le d&#8217;objectif sans fil \u00e0 3 canaux. Il vous permet de contr\u00f4ler enti\u00e8rement la mise au point, le diaphragme et le zoom sur l&#8217;unit\u00e9 manuelle FIZ ou entre les deux [&hellip;]<\/p>\n","protected":false},"featured_media":1998844,"comment_status":"closed","ping_status":"closed","template":"","meta":[],"product_cat":[3233,1882,1620,1622,1626,1629,1652,3147,1658,1697,3146,1679,1681,1684,2299],"product_tag":[],"acf":[],"gallery_images":[1998751,1997446,1997447,1998770,1998740,1998845,1998847,1998848,1998849,1998850,1998851],"_links":{"self":[{"href":"https:\/\/eu.tilta.com\/fr\/wp-json\/wp\/v2\/product\/1998840"}],"collection":[{"href":"https:\/\/eu.tilta.com\/fr\/wp-json\/wp\/v2\/product"}],"about":[{"href":"https:\/\/eu.tilta.com\/fr\/wp-json\/wp\/v2\/types\/product"}],"replies":[{"embeddable":true,"href":"https:\/\/eu.tilta.com\/fr\/wp-json\/wp\/v2\/comments?post=1998840"}],"wp:featuredmedia":[{"embeddable":true,"href":"https:\/\/eu.tilta.com\/fr\/wp-json\/wp\/v2\/media\/1998844"}],"wp:attachment":[{"href":"https:\/\/eu.tilta.com\/fr\/wp-json\/wp\/v2\/media?parent=1998840"}],"wp:term":[{"taxonomy":"product_cat","embeddable":true,"href":"https:\/\/eu.tilta.com\/fr\/wp-json\/wp\/v2\/product_cat?post=1998840"},{"taxonomy":"product_tag","embeddable":true,"href":"https:\/\/eu.tilta.com\/fr\/wp-json\/wp\/v2\/product_tag?post=1998840"}],"curies":[{"name":"wp","href":"https:\/\/api.w.org\/{rel}","templated":true}]}}