{"id":1998846,"date":"2017-07-24T19:20:04","date_gmt":"2017-07-24T17:20:04","guid":{"rendered":"https:\/\/de.tilta.com\/shop\/poignee-droite-en-bois-2-0-avec-bouton-r-s\/"},"modified":"2025-12-05T13:21:31","modified_gmt":"2025-12-05T12:21:31","slug":"right-side-handle-2-0-rs-button","status":"publish","type":"product","link":"https:\/\/eu.tilta.com\/fr\/shop\/right-side-handle-2-0-rs-button\/","title":{"rendered":"Poign\u00e9e droite en bois 2.0 avec bouton R\/S"},"content":{"rendered":"<p>Cette poign\u00e9e a un design ergonomique pour offrir un maximum de confort lors de l&#8217;utilisation de la cam\u00e9ra dans un rig de cam\u00e9ra Tilta, sur les cardans Gravity G2 et G2X, ou dans une configuration \u00e0 l&#8217;\u00e9paule gr\u00e2ce \u00e0 la connexion Arri standard rosette attach\u00e9e. Il est sculpt\u00e9 \u00e0 la main dans du bois de noyer noir massif et assembl\u00e9 avec un alliage d&#8217;aluminium de haute qualit\u00e9 usin\u00e9 CNC. Il int\u00e8gre un bouton Run\/Stop qui vous permet de contr\u00f4ler les fonctions d&#8217;enregistrement de votre appareil photo depuis la paume de votre main gr\u00e2ce \u00e0 un c\u00e2ble R\/S optionnel.<\/p>\n<p>Une batterie 14250 requise pour l&#8217;utilisation avec les cam\u00e9ras RED (non incluse)<\/p>\n","protected":false},"excerpt":{"rendered":"<p>Veuillez indiquer dans la section des notes quel c\u00e2ble R\/S vous souhaitez : SONY A7 Series, PANASONIC GH Series, ARRI Alexa Mini, RED DSMC2<\/p>\n","protected":false},"featured_media":1998853,"comment_status":"closed","ping_status":"closed","template":"","meta":[],"product_cat":[1681,2043],"product_tag":[2437,2513,2434,2512,2511],"acf":[],"gallery_images":[],"_links":{"self":[{"href":"https:\/\/eu.tilta.com\/fr\/wp-json\/wp\/v2\/product\/1998846"}],"collection":[{"href":"https:\/\/eu.tilta.com\/fr\/wp-json\/wp\/v2\/product"}],"about":[{"href":"https:\/\/eu.tilta.com\/fr\/wp-json\/wp\/v2\/types\/product"}],"replies":[{"embeddable":true,"href":"https:\/\/eu.tilta.com\/fr\/wp-json\/wp\/v2\/comments?post=1998846"}],"wp:featuredmedia":[{"embeddable":true,"href":"https:\/\/eu.tilta.com\/fr\/wp-json\/wp\/v2\/media\/1998853"}],"wp:attachment":[{"href":"https:\/\/eu.tilta.com\/fr\/wp-json\/wp\/v2\/media?parent=1998846"}],"wp:term":[{"taxonomy":"product_cat","embeddable":true,"href":"https:\/\/eu.tilta.com\/fr\/wp-json\/wp\/v2\/product_cat?post=1998846"},{"taxonomy":"product_tag","embeddable":true,"href":"https:\/\/eu.tilta.com\/fr\/wp-json\/wp\/v2\/product_tag?post=1998846"}],"curies":[{"name":"wp","href":"https:\/\/api.w.org\/{rel}","templated":true}]}}