{"id":1999062,"date":"2017-04-05T12:52:01","date_gmt":"2017-04-05T10:52:01","guid":{"rendered":"https:\/\/de.tilta.com\/shop\/support-dobjectif-lws-15mm\/"},"modified":"2026-04-24T17:17:06","modified_gmt":"2026-04-24T15:17:06","slug":"15mm-lens-support-15mm-rod-adapter-ls-t03","status":"publish","type":"product","link":"https:\/\/eu.tilta.com\/fr\/shop\/15mm-lens-support-15mm-rod-adapter-ls-t03\/","title":{"rendered":"Support d&#8217;objectif LWS 15mm"},"content":{"rendered":"<p>Ce support d&#8217;objectif vous offre une stabilit\u00e9 pour votre objectif tout en \u00e9tant compatible avec les tiges LWS de 15 mm.<\/p>\n<p>Le bouton central r\u00e9glable vous permet d&#8217;\u00e9lever et d&#8217;abaisser le support pour fixer fermement votre objectif.<\/p>\n<p>Il pr\u00e9sente \u00e9galement une conception ouverte de la mani\u00e8re dont il se fixe sur les tiges, ce qui vous permet de l&#8217;attacher et de le d\u00e9tacher facilement sans avoir \u00e0 retirer d&#8217;autres accessoires.<\/p>\n","protected":false},"excerpt":{"rendered":"<p>Ce support d&#8217;objectif vous offre une stabilit\u00e9 pour votre objectif tout en \u00e9tant compatible avec les tiges LWS de 15 mm. Le bouton central r\u00e9glable vous permet d&#8217;\u00e9lever et d&#8217;abaisser le support pour fixer fermement votre objectif. Il pr\u00e9sente \u00e9galement [&hellip;]<\/p>\n","protected":false},"featured_media":0,"comment_status":"closed","ping_status":"closed","template":"","meta":[],"product_cat":[2546,2545],"product_tag":[2547,2511],"acf":[],"gallery_images":[5241,5239],"_links":{"self":[{"href":"https:\/\/eu.tilta.com\/fr\/wp-json\/wp\/v2\/product\/1999062"}],"collection":[{"href":"https:\/\/eu.tilta.com\/fr\/wp-json\/wp\/v2\/product"}],"about":[{"href":"https:\/\/eu.tilta.com\/fr\/wp-json\/wp\/v2\/types\/product"}],"replies":[{"embeddable":true,"href":"https:\/\/eu.tilta.com\/fr\/wp-json\/wp\/v2\/comments?post=1999062"}],"wp:attachment":[{"href":"https:\/\/eu.tilta.com\/fr\/wp-json\/wp\/v2\/media?parent=1999062"}],"wp:term":[{"taxonomy":"product_cat","embeddable":true,"href":"https:\/\/eu.tilta.com\/fr\/wp-json\/wp\/v2\/product_cat?post=1999062"},{"taxonomy":"product_tag","embeddable":true,"href":"https:\/\/eu.tilta.com\/fr\/wp-json\/wp\/v2\/product_tag?post=1999062"}],"curies":[{"name":"wp","href":"https:\/\/api.w.org\/{rel}","templated":true}]}}