{"id":1999066,"date":"2017-04-05T12:03:45","date_gmt":"2017-04-05T10:03:45","guid":{"rendered":"https:\/\/de.tilta.com\/shop\/systeme-de-montage-a-lepaule-en-queue-daronde-de-19-mm\/"},"modified":"2025-12-05T13:21:43","modified_gmt":"2025-12-05T12:21:43","slug":"19mm-dovetail-shoulder-mount-system-tt-0506-a19","status":"publish","type":"product","link":"https:\/\/eu.tilta.com\/fr\/shop\/19mm-dovetail-shoulder-mount-system-tt-0506-a19\/","title":{"rendered":"Syst\u00e8me de montage \u00e0 l&#8217;\u00e9paule en queue d&#8217;aronde de 19 mm"},"content":{"rendered":"<p><strong>LA VERSION 19MM EST COMPATIBLE AVEC LES PLAQUES DE BASE STANDARD ARRI<\/strong><\/p>\n<p>Ce support d&#8217;\u00e9paule \u00e0 queue d&#8217;aronde est la solution parfaite pour le travail \u00e0 l&#8217;\u00e9paule avec des syst\u00e8mes de cam\u00e9ra qui utilisent des plaques de base standard ARRI.<\/p>\n<p>Il suffit de glisser la cam\u00e9ra sur la plaque \u00e0 queue d&#8217;aronde ARRI Standard et de l&#8217;ajuster \u00e0 la position souhait\u00e9e avant de la verrouiller.<\/p>\n<p>L&#8217;\u00e9pauli\u00e8re peut \u00e9galement \u00eatre r\u00e9gl\u00e9e ind\u00e9pendamment, ce qui permet d&#8217;\u00e9quilibrer parfaitement le syst\u00e8me de cam\u00e9ra sur votre \u00e9paule.<\/p>\n<p>Les bras r\u00e9glables et extensibles vous permettent d&#8217;ajuster l&#8217;angle et la longueur des poign\u00e9es pour un confort d&#8217;utilisation maximal.<\/p>\n<p>Lorsqu&#8217;il est utilis\u00e9 en combinaison avec un <a href=\"https:\/\/de.tilta.com\/shop\/12-dovetail-plate-tt-c07\/\">ARRI Standard Dovetail,<\/a> vous \u00eates en mesure de passer rapidement d&#8217;un tr\u00e9pied ou d&#8217;un autre syst\u00e8me de support \u00e0 un appareil \u00e0 main mont\u00e9 sur l&#8217;\u00e9paule.<\/p>\n<p>Les plaques de base Tilta peuvent \u00eatre adapt\u00e9es \u00e0 ce dispositif d&#8217;\u00e9paule gr\u00e2ce \u00e0 notre <a href=\"https:\/\/de.tilta.com\/shop\/19mm-tilta-studio-multi-functional-baseplate-tt-c06-d\/\">plaque de base Tilta Standard vers ARRI Standard<\/a>.<\/p>\n","protected":false},"excerpt":{"rendered":"<p>LA VERSION 19MM EST COMPATIBLE AVEC LES PLAQUES DE BASE STANDARD ARRI Ce support d&#8217;\u00e9paule \u00e0 queue d&#8217;aronde est la solution parfaite pour le travail \u00e0 l&#8217;\u00e9paule avec des syst\u00e8mes de cam\u00e9ra qui utilisent des plaques de base standard ARRI. [&hellip;]<\/p>\n","protected":false},"featured_media":1999067,"comment_status":"closed","ping_status":"closed","template":"","meta":[],"product_cat":[2300],"product_tag":[],"acf":[],"gallery_images":[],"_links":{"self":[{"href":"https:\/\/eu.tilta.com\/fr\/wp-json\/wp\/v2\/product\/1999066"}],"collection":[{"href":"https:\/\/eu.tilta.com\/fr\/wp-json\/wp\/v2\/product"}],"about":[{"href":"https:\/\/eu.tilta.com\/fr\/wp-json\/wp\/v2\/types\/product"}],"replies":[{"embeddable":true,"href":"https:\/\/eu.tilta.com\/fr\/wp-json\/wp\/v2\/comments?post=1999066"}],"wp:featuredmedia":[{"embeddable":true,"href":"https:\/\/eu.tilta.com\/fr\/wp-json\/wp\/v2\/media\/1999067"}],"wp:attachment":[{"href":"https:\/\/eu.tilta.com\/fr\/wp-json\/wp\/v2\/media?parent=1999066"}],"wp:term":[{"taxonomy":"product_cat","embeddable":true,"href":"https:\/\/eu.tilta.com\/fr\/wp-json\/wp\/v2\/product_cat?post=1999066"},{"taxonomy":"product_tag","embeddable":true,"href":"https:\/\/eu.tilta.com\/fr\/wp-json\/wp\/v2\/product_tag?post=1999066"}],"curies":[{"name":"wp","href":"https:\/\/api.w.org\/{rel}","templated":true}]}}