{"id":1999073,"date":"2017-04-05T12:25:40","date_gmt":"2017-04-05T10:25:40","guid":{"rendered":"https:\/\/de.tilta.com\/shop\/fouet-de-suivi-de-la-mise-au-point-300-mm\/"},"modified":"2025-12-05T13:21:44","modified_gmt":"2025-12-05T12:21:44","slug":"300mm-focus-whip-sw-t030","status":"publish","type":"product","link":"https:\/\/eu.tilta.com\/fr\/shop\/300mm-focus-whip-sw-t030\/","title":{"rendered":"Fouet de suivi de la mise au point 300 mm"},"content":{"rendered":"<p><span style=\"font-weight: 400\">Dans les espaces restreints ou dans les situations o\u00f9 l&#8217;extracteur de mise au point g\u00eanerait le cam\u00e9raman, utilisez ce fouet de mise au point de 300 mm pour faire la mise au point \u00e0 distance de la molette de suivi de la mise au point.<\/span><\/p>\n","protected":false},"excerpt":{"rendered":"<p>Dans les espaces restreints ou dans les situations o\u00f9 l&#8217;extracteur de mise au point g\u00eanerait le cam\u00e9raman, utilisez ce fouet de mise au point de 300 mm pour faire la mise au point \u00e0 distance de la molette de suivi [&hellip;]<\/p>\n","protected":false},"featured_media":0,"comment_status":"closed","ping_status":"closed","template":"","meta":[],"product_cat":[2561,2432,2560],"product_tag":[],"acf":[],"gallery_images":[5245],"_links":{"self":[{"href":"https:\/\/eu.tilta.com\/fr\/wp-json\/wp\/v2\/product\/1999073"}],"collection":[{"href":"https:\/\/eu.tilta.com\/fr\/wp-json\/wp\/v2\/product"}],"about":[{"href":"https:\/\/eu.tilta.com\/fr\/wp-json\/wp\/v2\/types\/product"}],"replies":[{"embeddable":true,"href":"https:\/\/eu.tilta.com\/fr\/wp-json\/wp\/v2\/comments?post=1999073"}],"wp:attachment":[{"href":"https:\/\/eu.tilta.com\/fr\/wp-json\/wp\/v2\/media?parent=1999073"}],"wp:term":[{"taxonomy":"product_cat","embeddable":true,"href":"https:\/\/eu.tilta.com\/fr\/wp-json\/wp\/v2\/product_cat?post=1999073"},{"taxonomy":"product_tag","embeddable":true,"href":"https:\/\/eu.tilta.com\/fr\/wp-json\/wp\/v2\/product_tag?post=1999073"}],"curies":[{"name":"wp","href":"https:\/\/api.w.org\/{rel}","templated":true}]}}