{"id":1999096,"date":"2017-04-05T12:17:41","date_gmt":"2017-04-05T10:17:41","guid":{"rendered":"https:\/\/de.tilta.com\/shop\/adaptateur-de-suivi-de-mise-au-point-pour-objectif-photographique\/"},"modified":"2025-12-05T13:21:56","modified_gmt":"2025-12-05T12:21:56","slug":"photographic-lens-follow-focus-adapter-fr-t03","status":"publish","type":"product","link":"https:\/\/eu.tilta.com\/fr\/shop\/photographic-lens-follow-focus-adapter-fr-t03\/","title":{"rendered":"Adaptateur de suivi de mise au point pour objectif photographique"},"content":{"rendered":"<section id=\"productdescription\" class=\"group\">\n<h4><\/h4>\n<section id=\"productfeatures\" class=\"group\">\n<div class=\"page\" title=\"Page 1\">\n<div class=\"section\">\n<div class=\"layoutArea\">\n<div class=\"column\">\n<p>Cet adaptateur follow focus vous permet d&#8217;utiliser votre objectif photo DSLR avec n&#8217;importe quel syst\u00e8me follow focus de TILTA. Il suffit de fixer l&#8217;adaptateur autour de la molette de mise au point de l&#8217;objectif photo du reflex num\u00e9rique pour pouvoir utiliser l&#8217;objectif photo comme un objectif cin\u00e9ma compatible avec le syst\u00e8me de suivi de la mise au point de votre choix.<\/p>\n<\/div>\n<\/div>\n<\/div>\n<\/div>\n<\/section>\n<\/section>\n<section id=\"technicaldetails\" class=\"group\"> <\/section>\n<p>&nbsp;<\/p>\n","protected":false},"excerpt":{"rendered":"<p>Cet adaptateur follow focus vous permet d&#8217;utiliser votre objectif photo DSLR avec n&#8217;importe quel syst\u00e8me follow focus de TILTA. Il suffit de fixer l&#8217;adaptateur autour de la molette de mise au point de l&#8217;objectif photo du reflex num\u00e9rique pour pouvoir [&hellip;]<\/p>\n","protected":false},"featured_media":0,"comment_status":"closed","ping_status":"closed","template":"","meta":[],"product_cat":[2449],"product_tag":[],"acf":[],"gallery_images":[],"_links":{"self":[{"href":"https:\/\/eu.tilta.com\/fr\/wp-json\/wp\/v2\/product\/1999096"}],"collection":[{"href":"https:\/\/eu.tilta.com\/fr\/wp-json\/wp\/v2\/product"}],"about":[{"href":"https:\/\/eu.tilta.com\/fr\/wp-json\/wp\/v2\/types\/product"}],"replies":[{"embeddable":true,"href":"https:\/\/eu.tilta.com\/fr\/wp-json\/wp\/v2\/comments?post=1999096"}],"wp:attachment":[{"href":"https:\/\/eu.tilta.com\/fr\/wp-json\/wp\/v2\/media?parent=1999096"}],"wp:term":[{"taxonomy":"product_cat","embeddable":true,"href":"https:\/\/eu.tilta.com\/fr\/wp-json\/wp\/v2\/product_cat?post=1999096"},{"taxonomy":"product_tag","embeddable":true,"href":"https:\/\/eu.tilta.com\/fr\/wp-json\/wp\/v2\/product_tag?post=1999096"}],"curies":[{"name":"wp","href":"https:\/\/api.w.org\/{rel}","templated":true}]}}