{"id":1999108,"date":"2017-04-04T14:36:32","date_gmt":"2017-04-04T12:36:32","guid":{"rendered":"https:\/\/de.tilta.com\/shop\/cine-follow-focus-unilateral\/"},"modified":"2025-12-05T13:21:59","modified_gmt":"2025-12-05T12:21:59","slug":"single-sided-cine-follow-focus-case-ff-t05","status":"publish","type":"product","link":"https:\/\/eu.tilta.com\/fr\/shop\/single-sided-cine-follow-focus-case-ff-t05\/","title":{"rendered":"Cine Follow Focus unilat\u00e9ral"},"content":{"rendered":"<p>Ce follow focus unilat\u00e9ral pr\u00e9sente un rapport de 1:1 entre le volant et le pignon pour des mises au point extr\u00eamement pr\u00e9cises.<\/p>\n<p>Il s&#8217;attache aux supports de tige de 15 mm LWS et de 19 mm en s&#8217;encliquetant sur les tiges.<\/p>\n<p>Cela vous permet de l&#8217;ajuster, de le monter et de le retirer sans avoir \u00e0 retirer les autres accessoires qui sont \u00e9galement mont\u00e9s sur les tiges, tels que les matte boxes et les supports d&#8217;objectif.<\/p>\n<p>L&#8217;engrenage est fix\u00e9 \u00e0 un pivot qui vous permet de le faire pivoter contre l&#8217;objectif pour un ajustement parfait.<\/p>\n<p>Vous pouvez \u00e9galement faire glisser l&#8217;ensemble de l&#8217;unit\u00e9 d&#8217;un c\u00f4t\u00e9 \u00e0 l&#8217;autre, ce qui vous permet de l&#8217;ajuster facilement \u00e0 n&#8217;importe quelle taille d&#8217;objectif.<\/p>\n","protected":false},"excerpt":{"rendered":"<p>Ce follow focus unilat\u00e9ral pr\u00e9sente un rapport de 1:1 entre le volant et le pignon pour des mises au point extr\u00eamement pr\u00e9cises. Il s&#8217;attache aux supports de tige de 15 mm LWS et de 19 mm en s&#8217;encliquetant sur les [&hellip;]<\/p>\n","protected":false},"featured_media":0,"comment_status":"closed","ping_status":"closed","template":"","meta":[],"product_cat":[2432],"product_tag":[],"acf":[],"gallery_images":[],"_links":{"self":[{"href":"https:\/\/eu.tilta.com\/fr\/wp-json\/wp\/v2\/product\/1999108"}],"collection":[{"href":"https:\/\/eu.tilta.com\/fr\/wp-json\/wp\/v2\/product"}],"about":[{"href":"https:\/\/eu.tilta.com\/fr\/wp-json\/wp\/v2\/types\/product"}],"replies":[{"embeddable":true,"href":"https:\/\/eu.tilta.com\/fr\/wp-json\/wp\/v2\/comments?post=1999108"}],"wp:attachment":[{"href":"https:\/\/eu.tilta.com\/fr\/wp-json\/wp\/v2\/media?parent=1999108"}],"wp:term":[{"taxonomy":"product_cat","embeddable":true,"href":"https:\/\/eu.tilta.com\/fr\/wp-json\/wp\/v2\/product_cat?post=1999108"},{"taxonomy":"product_tag","embeddable":true,"href":"https:\/\/eu.tilta.com\/fr\/wp-json\/wp\/v2\/product_tag?post=1999108"}],"curies":[{"name":"wp","href":"https:\/\/api.w.org\/{rel}","templated":true}]}}