{"id":1999112,"date":"2017-04-05T12:25:40","date_gmt":"2017-04-05T10:25:40","guid":{"rendered":"https:\/\/de.tilta.com\/shop\/fouet-de-suivi-de-la-mise-au-point-250-mm\/"},"modified":"2025-12-05T13:22:01","modified_gmt":"2025-12-05T12:22:01","slug":"300mm-focus-whip-sw-t030-2","status":"publish","type":"product","link":"https:\/\/eu.tilta.com\/fr\/shop\/300mm-focus-whip-sw-t030-2\/","title":{"rendered":"Fouet de suivi de la mise au point 250 mm"},"content":{"rendered":"<p class=\"p1\">Dans les espaces restreints ou dans les situations o\u00f9 l&#8217;extracteur de mise au point g\u00eanerait le cam\u00e9raman, utilisez ce fouet de mise au point de 250 mm pour faire la mise au point \u00e0 distance de la molette de suivi de la mise au point.<\/p>\n","protected":false},"excerpt":{"rendered":"<p>Dans les espaces restreints ou dans les situations o\u00f9 l&#8217;extracteur de mise au point g\u00eanerait le cam\u00e9raman, utilisez ce fouet de mise au point de 250 mm pour faire la mise au point \u00e0 distance de la molette de suivi [&hellip;]<\/p>\n","protected":false},"featured_media":0,"comment_status":"closed","ping_status":"closed","template":"","meta":[],"product_cat":[2561,2432,2560],"product_tag":[2562],"acf":[],"gallery_images":[5247],"_links":{"self":[{"href":"https:\/\/eu.tilta.com\/fr\/wp-json\/wp\/v2\/product\/1999112"}],"collection":[{"href":"https:\/\/eu.tilta.com\/fr\/wp-json\/wp\/v2\/product"}],"about":[{"href":"https:\/\/eu.tilta.com\/fr\/wp-json\/wp\/v2\/types\/product"}],"replies":[{"embeddable":true,"href":"https:\/\/eu.tilta.com\/fr\/wp-json\/wp\/v2\/comments?post=1999112"}],"wp:attachment":[{"href":"https:\/\/eu.tilta.com\/fr\/wp-json\/wp\/v2\/media?parent=1999112"}],"wp:term":[{"taxonomy":"product_cat","embeddable":true,"href":"https:\/\/eu.tilta.com\/fr\/wp-json\/wp\/v2\/product_cat?post=1999112"},{"taxonomy":"product_tag","embeddable":true,"href":"https:\/\/eu.tilta.com\/fr\/wp-json\/wp\/v2\/product_tag?post=1999112"}],"curies":[{"name":"wp","href":"https:\/\/api.w.org\/{rel}","templated":true}]}}