{"id":1999118,"date":"2017-04-04T14:19:08","date_gmt":"2017-04-04T12:19:08","guid":{"rendered":"https:\/\/de.tilta.com\/shop\/plaque-de-base-multifonctionnelle-19mm-studio-tilta-standard-vers-arri-standard\/"},"modified":"2026-04-17T16:03:28","modified_gmt":"2026-04-17T14:03:28","slug":"19mm-tilta-studio-multi-functional-baseplate-tt-c06-d","status":"publish","type":"product","link":"https:\/\/eu.tilta.com\/fr\/shop\/19mm-tilta-studio-multi-functional-baseplate-tt-c06-d\/","title":{"rendered":"Plaque de base multifonctionnelle 19mm Studio Tilta Standard vers Arri Standard"},"content":{"rendered":"<p>Cette plaque de base de studio de 19 mm est con\u00e7ue pour adapter une plaque de base standard Tilta \u00e0 une plaque de base standard Arri afin de vous permettre d&#8217;utiliser votre appareil photo sur une queue d&#8217;aronde de taille standard Arri.<\/p>\n<p>La partie sup\u00e9rieure de la plaque de base qui permet cette fonction peut \u00e9galement \u00eatre retir\u00e9e et remplac\u00e9e par une partie plate, ce qui lui permet de servir de plaque de base Arri de taille standard.<\/p>\n<p>Il utilise une surface anodis\u00e9e dure et est fabriqu\u00e9 \u00e0 partir d&#8217;un alliage d&#8217;aluminium 7075 l\u00e9ger et durable.<\/p>\n","protected":false},"excerpt":{"rendered":"<p>Cette plaque de base de studio de 19 mm est con\u00e7ue pour adapter une plaque de base standard Tilta \u00e0 une plaque de base standard Arri afin de vous permettre d&#8217;utiliser votre appareil photo sur une queue d&#8217;aronde de taille [&hellip;]<\/p>\n","protected":false},"featured_media":1999120,"comment_status":"closed","ping_status":"closed","template":"","meta":[],"product_cat":[1882,1620,1622,1626,1629,1652,1658,1697,1675,1679,1681,1684,2022,1998],"product_tag":[2569,2511],"acf":[],"gallery_images":[1999121,1999122,1999123],"_links":{"self":[{"href":"https:\/\/eu.tilta.com\/fr\/wp-json\/wp\/v2\/product\/1999118"}],"collection":[{"href":"https:\/\/eu.tilta.com\/fr\/wp-json\/wp\/v2\/product"}],"about":[{"href":"https:\/\/eu.tilta.com\/fr\/wp-json\/wp\/v2\/types\/product"}],"replies":[{"embeddable":true,"href":"https:\/\/eu.tilta.com\/fr\/wp-json\/wp\/v2\/comments?post=1999118"}],"wp:featuredmedia":[{"embeddable":true,"href":"https:\/\/eu.tilta.com\/fr\/wp-json\/wp\/v2\/media\/1999120"}],"wp:attachment":[{"href":"https:\/\/eu.tilta.com\/fr\/wp-json\/wp\/v2\/media?parent=1999118"}],"wp:term":[{"taxonomy":"product_cat","embeddable":true,"href":"https:\/\/eu.tilta.com\/fr\/wp-json\/wp\/v2\/product_cat?post=1999118"},{"taxonomy":"product_tag","embeddable":true,"href":"https:\/\/eu.tilta.com\/fr\/wp-json\/wp\/v2\/product_tag?post=1999118"}],"curies":[{"name":"wp","href":"https:\/\/api.w.org\/{rel}","templated":true}]}}