{"id":1999184,"date":"2015-10-12T07:02:49","date_gmt":"2015-10-12T05:02:49","guid":{"rendered":"https:\/\/de.tilta.com\/shop\/support-de-tige-long-de-19-mm\/"},"modified":"2025-12-05T13:22:23","modified_gmt":"2025-12-05T12:22:23","slug":"19mm-long-rail-supporter-ls-t07","status":"publish","type":"product","link":"https:\/\/eu.tilta.com\/fr\/shop\/19mm-long-rail-supporter-ls-t07\/","title":{"rendered":"Support de tige long de 19 mm"},"content":{"rendered":"<p>Ce support s&#8217;adapte directement sur une plaque \u00e0 queue d&#8217;aronde Arri Standard et fournit un support aux syst\u00e8mes de tiges plus longues de 19 mm afin de maintenir les tiges parall\u00e8les.<\/p>\n","protected":false},"excerpt":{"rendered":"<p>Ce support s&#8217;adapte directement sur une plaque \u00e0 queue d&#8217;aronde Arri Standard et fournit un support aux syst\u00e8mes de tiges plus longues de 19 mm afin de maintenir les tiges parall\u00e8les.<\/p>\n","protected":false},"featured_media":1999196,"comment_status":"closed","ping_status":"closed","template":"","meta":[],"product_cat":[2546,2092],"product_tag":[],"acf":[],"gallery_images":[],"_links":{"self":[{"href":"https:\/\/eu.tilta.com\/fr\/wp-json\/wp\/v2\/product\/1999184"}],"collection":[{"href":"https:\/\/eu.tilta.com\/fr\/wp-json\/wp\/v2\/product"}],"about":[{"href":"https:\/\/eu.tilta.com\/fr\/wp-json\/wp\/v2\/types\/product"}],"replies":[{"embeddable":true,"href":"https:\/\/eu.tilta.com\/fr\/wp-json\/wp\/v2\/comments?post=1999184"}],"wp:featuredmedia":[{"embeddable":true,"href":"https:\/\/eu.tilta.com\/fr\/wp-json\/wp\/v2\/media\/1999196"}],"wp:attachment":[{"href":"https:\/\/eu.tilta.com\/fr\/wp-json\/wp\/v2\/media?parent=1999184"}],"wp:term":[{"taxonomy":"product_cat","embeddable":true,"href":"https:\/\/eu.tilta.com\/fr\/wp-json\/wp\/v2\/product_cat?post=1999184"},{"taxonomy":"product_tag","embeddable":true,"href":"https:\/\/eu.tilta.com\/fr\/wp-json\/wp\/v2\/product_tag?post=1999184"}],"curies":[{"name":"wp","href":"https:\/\/api.w.org\/{rel}","templated":true}]}}