{"id":1999198,"date":"2015-10-12T04:01:55","date_gmt":"2015-10-12T02:01:55","guid":{"rendered":"https:\/\/de.tilta.com\/shop\/systeme-dalimentation-pour-appareils-photo-dslr-et-sans-miroir\/"},"modified":"2025-12-05T13:22:36","modified_gmt":"2025-12-05T12:22:36","slug":"dslr-power-supply-system-15mm-rod-adaptor-bt-003","status":"publish","type":"product","link":"https:\/\/eu.tilta.com\/fr\/shop\/dslr-power-supply-system-15mm-rod-adaptor-bt-003\/","title":{"rendered":"Syst\u00e8me d&#8217;alimentation pour appareils photo DSLR et sans miroir"},"content":{"rendered":"<p>Ce syst\u00e8me d&#8217;alimentation est con\u00e7u pour permettre une alimentation externe sur les appareils photo DSLR et sans miroir. La plaque de batterie est livr\u00e9e avec un connecteur DC femelle pour Canon LP-E6 qui est ensuite connect\u00e9 \u00e0 un c\u00e2ble DC 8V qui se branche sur la plaque pour alimenter votre appareil photo. Il est mont\u00e9 sur un adaptateur de canne LWS de 15 mm pour une utilisation sur les syst\u00e8mes de canne LWS de 15 mm et existe en version V-mount et gold-mount.<\/p>\n","protected":false},"excerpt":{"rendered":"<p>Ce syst\u00e8me d&#8217;alimentation est con\u00e7u pour permettre une alimentation externe sur les appareils photo DSLR et sans miroir. La plaque de batterie est livr\u00e9e avec un connecteur DC femelle pour Canon LP-E6 qui est ensuite connect\u00e9 \u00e0 un c\u00e2ble DC [&hellip;]<\/p>\n","protected":false},"featured_media":1999205,"comment_status":"closed","ping_status":"closed","template":"","meta":[],"product_cat":[2036],"product_tag":[],"acf":[],"gallery_images":[1999207,1999209],"_links":{"self":[{"href":"https:\/\/eu.tilta.com\/fr\/wp-json\/wp\/v2\/product\/1999198"}],"collection":[{"href":"https:\/\/eu.tilta.com\/fr\/wp-json\/wp\/v2\/product"}],"about":[{"href":"https:\/\/eu.tilta.com\/fr\/wp-json\/wp\/v2\/types\/product"}],"replies":[{"embeddable":true,"href":"https:\/\/eu.tilta.com\/fr\/wp-json\/wp\/v2\/comments?post=1999198"}],"wp:featuredmedia":[{"embeddable":true,"href":"https:\/\/eu.tilta.com\/fr\/wp-json\/wp\/v2\/media\/1999205"}],"wp:attachment":[{"href":"https:\/\/eu.tilta.com\/fr\/wp-json\/wp\/v2\/media?parent=1999198"}],"wp:term":[{"taxonomy":"product_cat","embeddable":true,"href":"https:\/\/eu.tilta.com\/fr\/wp-json\/wp\/v2\/product_cat?post=1999198"},{"taxonomy":"product_tag","embeddable":true,"href":"https:\/\/eu.tilta.com\/fr\/wp-json\/wp\/v2\/product_tag?post=1999198"}],"curies":[{"name":"wp","href":"https:\/\/api.w.org\/{rel}","templated":true}]}}