{"id":1999270,"date":"2015-10-10T01:58:12","date_gmt":"2015-10-09T23:58:12","guid":{"rendered":"https:\/\/de.tilta.com\/shop\/boite-matte-en-fibre-de-carbone-6x6\/"},"modified":"2025-12-05T13:22:32","modified_gmt":"2025-12-05T12:22:32","slug":"6x6-carbon-fiber-matte-box-mb-t06","status":"publish","type":"product","link":"https:\/\/eu.tilta.com\/fr\/shop\/6x6-carbon-fiber-matte-box-mb-t06\/","title":{"rendered":"Bo\u00eete matte en fibre de carbone 6&#215;6"},"content":{"rendered":"<p>Ce bo\u00eetier mat en fibre de carbone de 6,6 x 6,6 est dot\u00e9 d&#8217;une conception pivotante pour faciliter le changement d&#8217;objectif. Il est con\u00e7u pour \u00eatre utilis\u00e9 sur des syst\u00e8mes de tiges de studio de 19 mm. Les trois \u00e9tages de filtration 6,6 x 6,6 permettent d&#8217;utiliser plusieurs filtres \u00e0 la fois, dont deux sont orientables \u00e0 360 degr\u00e9s. L&#8217;ensemble comprend plusieurs mattes dures qui fournissent une couverture contre les \u00e9blouissements pour toutes les longueurs focales entre 16 mm et 180 mm. Si l&#8217;on y ajoute les trois drapeaux fran\u00e7ais qui sont \u00e9galement inclus, on obtient une quantit\u00e9 presque infinie de couvertures de flammes.<\/p>\n","protected":false},"excerpt":{"rendered":"<p>Ce bo\u00eetier mat en fibre de carbone de 6,6 x 6,6 est dot\u00e9 d&#8217;une conception pivotante pour faciliter le changement d&#8217;objectif. Il est con\u00e7u pour \u00eatre utilis\u00e9 sur des syst\u00e8mes de tiges de studio de 19 mm. Les trois \u00e9tages [&hellip;]<\/p>\n","protected":false},"featured_media":0,"comment_status":"closed","ping_status":"closed","template":"","meta":[],"product_cat":[2422],"product_tag":[],"acf":[],"gallery_images":[394,392,393],"_links":{"self":[{"href":"https:\/\/eu.tilta.com\/fr\/wp-json\/wp\/v2\/product\/1999270"}],"collection":[{"href":"https:\/\/eu.tilta.com\/fr\/wp-json\/wp\/v2\/product"}],"about":[{"href":"https:\/\/eu.tilta.com\/fr\/wp-json\/wp\/v2\/types\/product"}],"replies":[{"embeddable":true,"href":"https:\/\/eu.tilta.com\/fr\/wp-json\/wp\/v2\/comments?post=1999270"}],"wp:attachment":[{"href":"https:\/\/eu.tilta.com\/fr\/wp-json\/wp\/v2\/media?parent=1999270"}],"wp:term":[{"taxonomy":"product_cat","embeddable":true,"href":"https:\/\/eu.tilta.com\/fr\/wp-json\/wp\/v2\/product_cat?post=1999270"},{"taxonomy":"product_tag","embeddable":true,"href":"https:\/\/eu.tilta.com\/fr\/wp-json\/wp\/v2\/product_tag?post=1999270"}],"curies":[{"name":"wp","href":"https:\/\/api.w.org\/{rel}","templated":true}]}}