{"id":1999271,"date":"2015-09-21T06:24:23","date_gmt":"2015-09-21T04:24:23","guid":{"rendered":"https:\/\/de.tilta.com\/shop\/boite-matte-en-fibre-de-carbone-4x5-65-clamp-on\/"},"modified":"2026-04-27T15:24:20","modified_gmt":"2026-04-27T13:24:20","slug":"4x5-65-carbon-fiber-matte-box-clamp-on-mb-t12","status":"publish","type":"product","link":"https:\/\/eu.tilta.com\/fr\/shop\/4x5-65-carbon-fiber-matte-box-clamp-on-mb-t12\/","title":{"rendered":"Bo\u00eete matte en fibre de carbone 4&#215;5.65 (Clamp-on)"},"content":{"rendered":"<p>Cette matte box 4\u00d75,65 en fibre de carbone est con\u00e7ue pour se fixer directement sur les objectifs cin\u00e9ma de taille standard afin d&#8217;\u00eatre aussi l\u00e9g\u00e8re et discr\u00e8te que possible.<\/p>\n<p>Il comprend plusieurs bagues d&#8217;adaptation de l&#8217;objectif pour s&#8217;adapter \u00e0 la plupart des diam\u00e8tres frontaux standard.<\/p>\n<p>Des <a href=\"https:\/\/de.tilta.com\/shop\/backing-for-mb-t12-clamp-on-matte-box\/\">supports de<\/a> taille suppl\u00e9mentaire peuvent \u00eatre achet\u00e9s s\u00e9par\u00e9ment.<\/p>\n<p>Ces bagues d&#8217;adaptation permettent non seulement de fixer directement la bo\u00eete mate \u00e0 l&#8217;objectif, mais aussi d&#8217;\u00e9viter d&#8217;avoir \u00e0 utiliser des beignets pour l&#8217;objectif.<\/p>\n<p>L&#8217;ensemble comprend un drapeau fran\u00e7ais sup\u00e9rieur pour assurer la protection contre les \u00e9ruptions.<\/p>\n<p>Il comprend \u00e9galement une fixation pour tige de 15 mm si vous souhaitez monter la matte box \u00e0 l&#8217;aide de tiges LWS.<\/p>\n","protected":false},"excerpt":{"rendered":"<p>Cette matte box 4\u00d75,65 en fibre de carbone est con\u00e7ue pour se fixer directement sur les objectifs cin\u00e9ma de taille standard afin d&#8217;\u00eatre aussi l\u00e9g\u00e8re et discr\u00e8te que possible. Il comprend plusieurs bagues d&#8217;adaptation de l&#8217;objectif pour s&#8217;adapter \u00e0 la [&hellip;]<\/p>\n","protected":false},"featured_media":0,"comment_status":"closed","ping_status":"closed","template":"","meta":[],"product_cat":[3233,1882,1620,1622,1626,1629,1652,1658,1697,1675,1679,1681,1684,2129],"product_tag":[],"acf":[],"gallery_images":[1294761,1294760,1294506],"_links":{"self":[{"href":"https:\/\/eu.tilta.com\/fr\/wp-json\/wp\/v2\/product\/1999271"}],"collection":[{"href":"https:\/\/eu.tilta.com\/fr\/wp-json\/wp\/v2\/product"}],"about":[{"href":"https:\/\/eu.tilta.com\/fr\/wp-json\/wp\/v2\/types\/product"}],"replies":[{"embeddable":true,"href":"https:\/\/eu.tilta.com\/fr\/wp-json\/wp\/v2\/comments?post=1999271"}],"wp:attachment":[{"href":"https:\/\/eu.tilta.com\/fr\/wp-json\/wp\/v2\/media?parent=1999271"}],"wp:term":[{"taxonomy":"product_cat","embeddable":true,"href":"https:\/\/eu.tilta.com\/fr\/wp-json\/wp\/v2\/product_cat?post=1999271"},{"taxonomy":"product_tag","embeddable":true,"href":"https:\/\/eu.tilta.com\/fr\/wp-json\/wp\/v2\/product_tag?post=1999271"}],"curies":[{"name":"wp","href":"https:\/\/api.w.org\/{rel}","templated":true}]}}