{"id":1999275,"date":"2015-10-12T02:27:56","date_gmt":"2015-10-12T00:27:56","guid":{"rendered":"https:\/\/de.tilta.com\/shop\/plaque-a-queue-daronde-arri-standard-de-14-pouces\/"},"modified":"2025-12-05T13:22:33","modified_gmt":"2025-12-05T12:22:33","slug":"14-dovetail-plate-tt-c07-14","status":"publish","type":"product","link":"https:\/\/eu.tilta.com\/fr\/shop\/14-dovetail-plate-tt-c07-14\/","title":{"rendered":"Plaque \u00e0 queue d&#8217;aronde Arri standard de 14 pouces"},"content":{"rendered":"<p>Cette queue d&#8217;aronde standard Arri, \u00e9l\u00e9gante et robuste, vous permet de monter votre appareil photo facilement et confortablement en utilisant n&#8217;importe quelle plaque de base standard Arri compatible. Les boutons d&#8217;arr\u00eat de la plaque de base sont situ\u00e9s \u00e0 chaque extr\u00e9mit\u00e9 afin que vous puissiez glisser votre appareil photo sur la plaque comme vous le souhaitez.<\/p>\n","protected":false},"excerpt":{"rendered":"<p>Cette queue d&#8217;aronde standard Arri, \u00e9l\u00e9gante et robuste, vous permet de monter votre appareil photo facilement et confortablement en utilisant n&#8217;importe quelle plaque de base standard Arri compatible. Les boutons d&#8217;arr\u00eat de la plaque de base sont situ\u00e9s \u00e0 chaque [&hellip;]<\/p>\n","protected":false},"featured_media":1999277,"comment_status":"closed","ping_status":"closed","template":"","meta":[],"product_cat":[2577],"product_tag":[],"acf":[],"gallery_images":[],"_links":{"self":[{"href":"https:\/\/eu.tilta.com\/fr\/wp-json\/wp\/v2\/product\/1999275"}],"collection":[{"href":"https:\/\/eu.tilta.com\/fr\/wp-json\/wp\/v2\/product"}],"about":[{"href":"https:\/\/eu.tilta.com\/fr\/wp-json\/wp\/v2\/types\/product"}],"replies":[{"embeddable":true,"href":"https:\/\/eu.tilta.com\/fr\/wp-json\/wp\/v2\/comments?post=1999275"}],"wp:featuredmedia":[{"embeddable":true,"href":"https:\/\/eu.tilta.com\/fr\/wp-json\/wp\/v2\/media\/1999277"}],"wp:attachment":[{"href":"https:\/\/eu.tilta.com\/fr\/wp-json\/wp\/v2\/media?parent=1999275"}],"wp:term":[{"taxonomy":"product_cat","embeddable":true,"href":"https:\/\/eu.tilta.com\/fr\/wp-json\/wp\/v2\/product_cat?post=1999275"},{"taxonomy":"product_tag","embeddable":true,"href":"https:\/\/eu.tilta.com\/fr\/wp-json\/wp\/v2\/product_tag?post=1999275"}],"curies":[{"name":"wp","href":"https:\/\/api.w.org\/{rel}","templated":true}]}}