{"id":1999298,"date":"2015-10-12T00:31:56","date_gmt":"2015-10-11T22:31:56","guid":{"rendered":"https:\/\/de.tilta.com\/shop\/plaque-a-queue-daronde-10-tilta-standard-lightweight\/"},"modified":"2026-04-24T17:17:22","modified_gmt":"2026-04-24T15:17:22","slug":"10-lightweight-dovetail-plate-tt-c16","status":"publish","type":"product","link":"https:\/\/eu.tilta.com\/fr\/shop\/10-lightweight-dovetail-plate-tt-c16\/","title":{"rendered":"Plaque \u00e0 queue d&#8217;aronde 10&#8243; Tilta Standard Lightweight"},"content":{"rendered":"<p>Cette queue d&#8217;aronde standard Tilta offre une flexibilit\u00e9 et une s\u00e9curit\u00e9 accrues lors du montage de votre cam\u00e9ra sur diff\u00e9rents syst\u00e8mes de support.<\/p>\n<p>Comme les autres queues d&#8217;aronde, elle peut \u00eatre mont\u00e9e sur la plupart des syst\u00e8mes de support tels que les t\u00eates de tr\u00e9pied ou les grues d&#8217;appareil photo gr\u00e2ce \u00e0 des vis 1\/4&#8243;-20 et 3\/8&#8243;-16.<\/p>\n<p>La queue d&#8217;aronde Tilta comporte un rail unique dans lequel les syst\u00e8mes de cam\u00e9ras utilisant des plaques de base Tilta peuvent glisser et se verrouiller dans diff\u00e9rentes positions.<\/p>\n<p>Vous b\u00e9n\u00e9ficiez ainsi d&#8217;une plus grande flexibilit\u00e9 pour \u00e9quilibrer votre syst\u00e8me de cam\u00e9ra sur une t\u00eate de tr\u00e9pied, pour un fonctionnement pr\u00e9cis et facile.<\/p>\n<p>La goupille de s\u00e9curit\u00e9 offre une s\u00e9curit\u00e9 suppl\u00e9mentaire, ce qui est particuli\u00e8rement important lorsqu&#8217;une assurance suppl\u00e9mentaire est n\u00e9cessaire, par exemple lors de l&#8217;installation d&#8217;un gr\u00e9ement a\u00e9rien.<\/p>\n<p>Associ\u00e9e \u00e0 notre <a href=\"https:\/\/de.tilta.com\/shop\/15mm-dovetail-shoulder-mount-system-tt0506-a15\/\">syst\u00e8me d&#8217;\u00e9paule Dovetail<\/a>, cette plaque vous permet de passer rapidement d&#8217;une prise de vue \u00e0 main lev\u00e9e verrouill\u00e9e \u00e0 une prise de vue \u00e0 main lev\u00e9e mont\u00e9e sur l&#8217;\u00e9paule.<\/p>\n<p>La queue d&#8217;aronde Tilta Standard est une option l\u00e9g\u00e8re et discr\u00e8te qui compl\u00e8te parfaitement nos plaques de base Tiltaing et Tilta Standard.<\/p>\n<p>Disponible en noir ou en gris.<\/p>\n","protected":false},"excerpt":{"rendered":"<p>Cette queue d&#8217;aronde standard Tilta offre une flexibilit\u00e9 et une s\u00e9curit\u00e9 accrues lors du montage de votre cam\u00e9ra sur diff\u00e9rents syst\u00e8mes de support. Comme les autres queues d&#8217;aronde, elle peut \u00eatre mont\u00e9e sur la plupart des syst\u00e8mes de support tels [&hellip;]<\/p>\n","protected":false},"featured_media":1999306,"comment_status":"closed","ping_status":"closed","template":"","meta":[],"product_cat":[3895,3252,3388,1882,1811,1713,1621,1802,1805,1762,1799,1757,1748,1732,1706,1623,1624,1794,1782,1739,1631,1791,1715,1775,1728,1635,1809,1745,1726,1636,1642,1644,1647,1768,3147,1723,1655,1661,1773,1784,1754,1752,1718,1710,1700,1703,1697,1663,1668,1671,1694,1687,1691,2577,1998],"product_tag":[2580,2511],"acf":[],"gallery_images":[1999307,1999308],"_links":{"self":[{"href":"https:\/\/eu.tilta.com\/fr\/wp-json\/wp\/v2\/product\/1999298"}],"collection":[{"href":"https:\/\/eu.tilta.com\/fr\/wp-json\/wp\/v2\/product"}],"about":[{"href":"https:\/\/eu.tilta.com\/fr\/wp-json\/wp\/v2\/types\/product"}],"replies":[{"embeddable":true,"href":"https:\/\/eu.tilta.com\/fr\/wp-json\/wp\/v2\/comments?post=1999298"}],"wp:featuredmedia":[{"embeddable":true,"href":"https:\/\/eu.tilta.com\/fr\/wp-json\/wp\/v2\/media\/1999306"}],"wp:attachment":[{"href":"https:\/\/eu.tilta.com\/fr\/wp-json\/wp\/v2\/media?parent=1999298"}],"wp:term":[{"taxonomy":"product_cat","embeddable":true,"href":"https:\/\/eu.tilta.com\/fr\/wp-json\/wp\/v2\/product_cat?post=1999298"},{"taxonomy":"product_tag","embeddable":true,"href":"https:\/\/eu.tilta.com\/fr\/wp-json\/wp\/v2\/product_tag?post=1999298"}],"curies":[{"name":"wp","href":"https:\/\/api.w.org\/{rel}","templated":true}]}}