{"id":1999314,"date":"2015-09-19T02:56:24","date_gmt":"2015-09-19T00:56:24","guid":{"rendered":"https:\/\/de.tilta.com\/shop\/follow-focus-dslr-unilateral\/"},"modified":"2025-12-05T13:22:54","modified_gmt":"2025-12-05T12:22:54","slug":"follow-focus-with-hard-stops-15mm-ff-t03","status":"publish","type":"product","link":"https:\/\/eu.tilta.com\/fr\/shop\/follow-focus-with-hard-stops-15mm-ff-t03\/","title":{"rendered":"Follow Focus DSLR unilat\u00e9ral"},"content":{"rendered":"<p>Ce follow focus unilat\u00e9ral est con\u00e7u pour \u00eatre utilis\u00e9 avec des appareils photo DSLR et d&#8217;autres petits appareils photo.<\/p>\n<p>Il peut \u00eatre utilis\u00e9 avec des cannes LWS de 15 mm. Deux but\u00e9es r\u00e9glables sur la roue de mise au point pour permettre une mise au point pr\u00e9cise.<\/p>\n<p>Un bouton d&#8217;amortissement r\u00e9glable permet \u00e9galement d&#8217;ajuster la tension du volant \u00e0 votre convenance.<\/p>\n","protected":false},"excerpt":{"rendered":"<p>Ce follow focus unilat\u00e9ral est con\u00e7u pour \u00eatre utilis\u00e9 avec des appareils photo DSLR et d&#8217;autres petits appareils photo. Il peut \u00eatre utilis\u00e9 avec des cannes LWS de 15 mm. Deux but\u00e9es r\u00e9glables sur la roue de mise au point [&hellip;]<\/p>\n","protected":false},"featured_media":1999316,"comment_status":"closed","ping_status":"closed","template":"","meta":[],"product_cat":[2560],"product_tag":[],"acf":[],"gallery_images":[1999317,1999318],"_links":{"self":[{"href":"https:\/\/eu.tilta.com\/fr\/wp-json\/wp\/v2\/product\/1999314"}],"collection":[{"href":"https:\/\/eu.tilta.com\/fr\/wp-json\/wp\/v2\/product"}],"about":[{"href":"https:\/\/eu.tilta.com\/fr\/wp-json\/wp\/v2\/types\/product"}],"replies":[{"embeddable":true,"href":"https:\/\/eu.tilta.com\/fr\/wp-json\/wp\/v2\/comments?post=1999314"}],"wp:featuredmedia":[{"embeddable":true,"href":"https:\/\/eu.tilta.com\/fr\/wp-json\/wp\/v2\/media\/1999316"}],"wp:attachment":[{"href":"https:\/\/eu.tilta.com\/fr\/wp-json\/wp\/v2\/media?parent=1999314"}],"wp:term":[{"taxonomy":"product_cat","embeddable":true,"href":"https:\/\/eu.tilta.com\/fr\/wp-json\/wp\/v2\/product_cat?post=1999314"},{"taxonomy":"product_tag","embeddable":true,"href":"https:\/\/eu.tilta.com\/fr\/wp-json\/wp\/v2\/product_tag?post=1999314"}],"curies":[{"name":"wp","href":"https:\/\/api.w.org\/{rel}","templated":true}]}}