{"id":1999852,"date":"2021-04-15T10:44:01","date_gmt":"2021-04-15T08:44:01","guid":{"rendered":"https:\/\/de.tilta.com\/shop\/boitier-de-montage-pour-la-telecommande-sans-fil-zhiyun\/"},"modified":"2025-12-05T13:23:47","modified_gmt":"2025-12-05T12:23:47","slug":"mounting-case-for-zhiyun-wireless-remote-control","status":"publish","type":"product","link":"https:\/\/eu.tilta.com\/fr\/shop\/mounting-case-for-zhiyun-wireless-remote-control\/","title":{"rendered":"Bo\u00eetier de montage pour la t\u00e9l\u00e9commande sans fil Zhiyun"},"content":{"rendered":"","protected":false},"excerpt":{"rendered":"","protected":false},"featured_media":0,"comment_status":"closed","ping_status":"closed","template":"","meta":[],"product_cat":[2314,2316],"product_tag":[],"acf":[],"gallery_images":[1211080],"_links":{"self":[{"href":"https:\/\/eu.tilta.com\/fr\/wp-json\/wp\/v2\/product\/1999852"}],"collection":[{"href":"https:\/\/eu.tilta.com\/fr\/wp-json\/wp\/v2\/product"}],"about":[{"href":"https:\/\/eu.tilta.com\/fr\/wp-json\/wp\/v2\/types\/product"}],"replies":[{"embeddable":true,"href":"https:\/\/eu.tilta.com\/fr\/wp-json\/wp\/v2\/comments?post=1999852"}],"wp:attachment":[{"href":"https:\/\/eu.tilta.com\/fr\/wp-json\/wp\/v2\/media?parent=1999852"}],"wp:term":[{"taxonomy":"product_cat","embeddable":true,"href":"https:\/\/eu.tilta.com\/fr\/wp-json\/wp\/v2\/product_cat?post=1999852"},{"taxonomy":"product_tag","embeddable":true,"href":"https:\/\/eu.tilta.com\/fr\/wp-json\/wp\/v2\/product_tag?post=1999852"}],"curies":[{"name":"wp","href":"https:\/\/api.w.org\/{rel}","templated":true}]}}