{"id":2000185,"date":"2024-07-30T05:01:32","date_gmt":"2024-07-30T03:01:32","guid":{"rendered":"https:\/\/de.tilta.com\/shop\/attache-pour-courroie-de-camera-1-4-20-noir\/"},"modified":"2025-12-05T13:25:54","modified_gmt":"2025-12-05T12:25:54","slug":"1-4-20-camera-strap-attachment-black","status":"publish","type":"product","link":"https:\/\/eu.tilta.com\/fr\/shop\/1-4-20-camera-strap-attachment-black\/","title":{"rendered":"Attache pour courroie de cam\u00e9ra 1\/4&#8243;-20 &#8211; Noir"},"content":{"rendered":"<p>Cette attache pour courroie de cam\u00e9ra 1\/4&#8243;-20 est l&#8217;accessoire universel parfait pour connecter une courroie de cam\u00e9ra \u00e0 la cage de votre cam\u00e9ra.<\/p>\n<p>L&#8217;adaptateur l\u00e9ger utilise une connexion 1\/4&#8243;-20 qui le rend compatible avec une vari\u00e9t\u00e9 de cages et certains bo\u00eetiers d&#8217;appareils photo directement.<\/p>\n<p>Il suffit d&#8217;installer l&#8217;adaptateur via un filetage 1\/4&#8243;-20 et d&#8217;utiliser la bague r\u00e9glable pour connecter la courroie de votre appareil photo.<\/p>\n","protected":false},"excerpt":{"rendered":"<p>Cette attache pour courroie de cam\u00e9ra 1\/4&#8243;-20 est l&#8217;accessoire universel parfait pour connecter une courroie de cam\u00e9ra \u00e0 la cage de votre cam\u00e9ra. L&#8217;adaptateur l\u00e9ger utilise une connexion 1\/4&#8243;-20 qui le rend compatible avec une vari\u00e9t\u00e9 de cages et certains [&hellip;]<\/p>\n","protected":false},"featured_media":1999696,"comment_status":"open","ping_status":"closed","template":"","meta":[],"product_cat":[2780],"product_tag":[],"acf":[],"gallery_images":[1999702,1999708,1999714,1999720,1999726],"_links":{"self":[{"href":"https:\/\/eu.tilta.com\/fr\/wp-json\/wp\/v2\/product\/2000185"}],"collection":[{"href":"https:\/\/eu.tilta.com\/fr\/wp-json\/wp\/v2\/product"}],"about":[{"href":"https:\/\/eu.tilta.com\/fr\/wp-json\/wp\/v2\/types\/product"}],"replies":[{"embeddable":true,"href":"https:\/\/eu.tilta.com\/fr\/wp-json\/wp\/v2\/comments?post=2000185"}],"wp:featuredmedia":[{"embeddable":true,"href":"https:\/\/eu.tilta.com\/fr\/wp-json\/wp\/v2\/media\/1999696"}],"wp:attachment":[{"href":"https:\/\/eu.tilta.com\/fr\/wp-json\/wp\/v2\/media?parent=2000185"}],"wp:term":[{"taxonomy":"product_cat","embeddable":true,"href":"https:\/\/eu.tilta.com\/fr\/wp-json\/wp\/v2\/product_cat?post=2000185"},{"taxonomy":"product_tag","embeddable":true,"href":"https:\/\/eu.tilta.com\/fr\/wp-json\/wp\/v2\/product_tag?post=2000185"}],"curies":[{"name":"wp","href":"https:\/\/api.w.org\/{rel}","templated":true}]}}