{"id":2000605,"date":"2024-07-30T13:10:49","date_gmt":"2024-07-30T11:10:49","guid":{"rendered":"https:\/\/de.tilta.com\/shop\/cable-de-marche-arret-usb-c-pour-le-port-sync-de-la-camera-rouge-type-i\/"},"modified":"2025-12-05T13:26:46","modified_gmt":"2025-12-05T12:26:46","slug":"usb-c-run-stop-cable-for-red-camera-sync-port-type-i","status":"publish","type":"product","link":"https:\/\/eu.tilta.com\/fr\/shop\/usb-c-run-stop-cable-for-red-camera-sync-port-type-i\/","title":{"rendered":"C\u00e2ble de marche\/arr\u00eat USB-C pour le port SYNC de la cam\u00e9ra rouge Type I"},"content":{"rendered":"<p>Sp\u00e9cialement pour connecter une poign\u00e9e lat\u00e9rale avec fonction start\/stop et RED Sync Port, DSMC1, DSMC2 Base Expander, Tilta IO 2 module.<\/p>\n","protected":false},"excerpt":{"rendered":"<p>Sp\u00e9cialement pour connecter une poign\u00e9e lat\u00e9rale avec fonction start\/stop et RED Sync Port, DSMC1, DSMC2 Base Expander, Tilta IO 2 module.<\/p>\n","protected":false},"featured_media":2000175,"comment_status":"closed","ping_status":"closed","template":"","meta":[],"product_cat":[2218],"product_tag":[],"acf":[],"gallery_images":[],"_links":{"self":[{"href":"https:\/\/eu.tilta.com\/fr\/wp-json\/wp\/v2\/product\/2000605"}],"collection":[{"href":"https:\/\/eu.tilta.com\/fr\/wp-json\/wp\/v2\/product"}],"about":[{"href":"https:\/\/eu.tilta.com\/fr\/wp-json\/wp\/v2\/types\/product"}],"replies":[{"embeddable":true,"href":"https:\/\/eu.tilta.com\/fr\/wp-json\/wp\/v2\/comments?post=2000605"}],"wp:featuredmedia":[{"embeddable":true,"href":"https:\/\/eu.tilta.com\/fr\/wp-json\/wp\/v2\/media\/2000175"}],"wp:attachment":[{"href":"https:\/\/eu.tilta.com\/fr\/wp-json\/wp\/v2\/media?parent=2000605"}],"wp:term":[{"taxonomy":"product_cat","embeddable":true,"href":"https:\/\/eu.tilta.com\/fr\/wp-json\/wp\/v2\/product_cat?post=2000605"},{"taxonomy":"product_tag","embeddable":true,"href":"https:\/\/eu.tilta.com\/fr\/wp-json\/wp\/v2\/product_tag?post=2000605"}],"curies":[{"name":"wp","href":"https:\/\/api.w.org\/{rel}","templated":true}]}}