{"id":2000627,"date":"2024-07-31T05:55:26","date_gmt":"2024-07-31T03:55:26","guid":{"rendered":"https:\/\/de.tilta.com\/shop\/support-de-montage-pour-ventouse-electronique-4-5%e2%80%b3\/"},"modified":"2025-12-05T13:27:00","modified_gmt":"2025-12-05T12:27:00","slug":"mounting-bracket-for-electronic-suction-cup-4-5%e2%80%b3","status":"publish","type":"product","link":"https:\/\/eu.tilta.com\/fr\/shop\/mounting-bracket-for-electronic-suction-cup-4-5%e2%80%b3\/","title":{"rendered":"Support de montage pour ventouse \u00e9lectronique (4.5\u2033)"},"content":{"rendered":"<p>Ce support de montage est sp\u00e9cialement con\u00e7u pour la ventouse \u00e9lectronique de 4,5\u2033.<br \/>\nCes supports peuvent \u00eatre facilement mont\u00e9s ou d\u00e9mont\u00e9s afin d&#8217;accueillir divers accessoires et syst\u00e8mes de support.<br \/>\nLe support se monte sur la ventouse \u00e0 l&#8217;aide de quatre vis M4, ce qui cr\u00e9e une connexion s\u00fbre tout en \u00e9tant facile \u00e0 \u00e9changer si n\u00e9cessaire.<br \/>\nLes options comprennent la prise en charge du filetage M25 de l&#8217;Hydra Alien, de l&#8217;OTAN, ainsi qu&#8217;une option Universal Multi-Mount afin de couvrir un large \u00e9ventail de sc\u00e9narios.   <\/p>\n","protected":false},"excerpt":{"rendered":"<p>Ce support de montage est sp\u00e9cialement con\u00e7u pour la ventouse \u00e9lectronique de 4,5\u2033. Ces supports peuvent \u00eatre facilement mont\u00e9s ou d\u00e9mont\u00e9s afin d&#8217;accueillir divers accessoires et syst\u00e8mes de support. Le support se monte sur la ventouse \u00e0 l&#8217;aide de quatre [&hellip;]<\/p>\n","protected":false},"featured_media":2000523,"comment_status":"closed","ping_status":"closed","template":"","meta":[],"product_cat":[1898],"product_tag":[],"acf":[],"gallery_images":[2000517,2000511,2000505],"_links":{"self":[{"href":"https:\/\/eu.tilta.com\/fr\/wp-json\/wp\/v2\/product\/2000627"}],"collection":[{"href":"https:\/\/eu.tilta.com\/fr\/wp-json\/wp\/v2\/product"}],"about":[{"href":"https:\/\/eu.tilta.com\/fr\/wp-json\/wp\/v2\/types\/product"}],"replies":[{"embeddable":true,"href":"https:\/\/eu.tilta.com\/fr\/wp-json\/wp\/v2\/comments?post=2000627"}],"wp:featuredmedia":[{"embeddable":true,"href":"https:\/\/eu.tilta.com\/fr\/wp-json\/wp\/v2\/media\/2000523"}],"wp:attachment":[{"href":"https:\/\/eu.tilta.com\/fr\/wp-json\/wp\/v2\/media?parent=2000627"}],"wp:term":[{"taxonomy":"product_cat","embeddable":true,"href":"https:\/\/eu.tilta.com\/fr\/wp-json\/wp\/v2\/product_cat?post=2000627"},{"taxonomy":"product_tag","embeddable":true,"href":"https:\/\/eu.tilta.com\/fr\/wp-json\/wp\/v2\/product_tag?post=2000627"}],"curies":[{"name":"wp","href":"https:\/\/api.w.org\/{rel}","templated":true}]}}