{"id":2000640,"date":"2024-07-30T12:31:08","date_gmt":"2024-07-30T10:31:08","guid":{"rendered":"https:\/\/de.tilta.com\/shop\/plaque-de-batterie-pour-sony-fx9-v-mount\/"},"modified":"2025-12-05T13:26:56","modified_gmt":"2025-12-05T12:26:56","slug":"battery-plate-for-sony-fx9-v-mount","status":"publish","type":"product","link":"https:\/\/eu.tilta.com\/fr\/shop\/battery-plate-for-sony-fx9-v-mount\/","title":{"rendered":"Plaque de batterie pour Sony FX9 &#8211; V-Mount"},"content":{"rendered":"<p>Ajoutez une plaque de batterie professionnelle pour alimenter votre Sony PXW-FX9 et ses accessoires en utilisant cette<b> plaque de batterie<\/b> V-mount de <b>Tilta<\/b>.<br \/>\nLa plaque se monte sur votre FX9 en utilisant l&#8217;arri\u00e8re de la plaque sup\u00e9rieure de la cage de cam\u00e9ra Tilta FX9, au ras de l&#8217;arri\u00e8re de la cam\u00e9ra, ce qui vous permet d&#8217;utiliser une batterie en V de style professionnel pour alimenter la cam\u00e9ra FX9, les lumi\u00e8res, les moniteurs, les microphones ou d&#8217;autres appareils gr\u00e2ce \u00e0 ses multiples sorties d&#8217;alimentation.<br \/>\nLa plaque comporte trois sorties D-Tap sur les c\u00f4t\u00e9s et des sorties DC suppl\u00e9mentaires pour alimenter simultan\u00e9ment une vari\u00e9t\u00e9 d&#8217;accessoires.  <\/p>\n","protected":false},"excerpt":{"rendered":"<p>Ajoutez une plaque de batterie professionnelle pour alimenter votre Sony PXW-FX9 et ses accessoires en utilisant cette plaque de batterie V-mount de Tilta. La plaque se monte sur votre FX9 en utilisant l&#8217;arri\u00e8re de la plaque sup\u00e9rieure de la cage [&hellip;]<\/p>\n","protected":false},"featured_media":2000154,"comment_status":"closed","ping_status":"closed","template":"","meta":[],"product_cat":[1675],"product_tag":[],"acf":[],"gallery_images":[2000147,2000141,2000135,2000129],"_links":{"self":[{"href":"https:\/\/eu.tilta.com\/fr\/wp-json\/wp\/v2\/product\/2000640"}],"collection":[{"href":"https:\/\/eu.tilta.com\/fr\/wp-json\/wp\/v2\/product"}],"about":[{"href":"https:\/\/eu.tilta.com\/fr\/wp-json\/wp\/v2\/types\/product"}],"replies":[{"embeddable":true,"href":"https:\/\/eu.tilta.com\/fr\/wp-json\/wp\/v2\/comments?post=2000640"}],"wp:featuredmedia":[{"embeddable":true,"href":"https:\/\/eu.tilta.com\/fr\/wp-json\/wp\/v2\/media\/2000154"}],"wp:attachment":[{"href":"https:\/\/eu.tilta.com\/fr\/wp-json\/wp\/v2\/media?parent=2000640"}],"wp:term":[{"taxonomy":"product_cat","embeddable":true,"href":"https:\/\/eu.tilta.com\/fr\/wp-json\/wp\/v2\/product_cat?post=2000640"},{"taxonomy":"product_tag","embeddable":true,"href":"https:\/\/eu.tilta.com\/fr\/wp-json\/wp\/v2\/product_tag?post=2000640"}],"curies":[{"name":"wp","href":"https:\/\/api.w.org\/{rel}","templated":true}]}}