{"id":2000653,"date":"2024-07-30T11:48:12","date_gmt":"2024-07-30T09:48:12","guid":{"rendered":"https:\/\/de.tilta.com\/shop\/nucleus-m-single-motor\/"},"modified":"2025-12-05T13:27:23","modified_gmt":"2025-12-05T12:27:23","slug":"nucleus-m-single-motor","status":"publish","type":"product","link":"https:\/\/eu.tilta.com\/fr\/shop\/nucleus-m-single-motor\/","title":{"rendered":"Nucleus M Single Motor"},"content":{"rendered":"<div class=\"overview-text\">  Ce kit moteur Nucleus-M vous permet d&#8217;ajouter un moteur \u00e0 votre kit Nucleus-M ainsi que le c\u00e2ble d&#8217;alimentation 7 broches \u00e0 7 broches qui vous permet d&#8217;alimenter le moteur \u00e0 partir d&#8217;une connexion en guirlande \u00e0 un autre moteur Nucleus-M.<strong>(pas de c\u00e2ble, seulement le moteur<\/strong>).  <\/div>\n","protected":false},"excerpt":{"rendered":"<p>Ce kit moteur Nucleus-M vous permet d&#8217;ajouter un moteur \u00e0 votre kit Nucleus-M ainsi que le c\u00e2ble d&#8217;alimentation 7 broches \u00e0 7 broches qui vous permet d&#8217;alimenter le moteur \u00e0 partir d&#8217;une connexion en guirlande \u00e0 un autre moteur Nucleus-M.(pas [&hellip;]<\/p>\n","protected":false},"featured_media":2000098,"comment_status":"closed","ping_status":"closed","template":"","meta":[],"product_cat":[2299],"product_tag":[],"acf":[],"gallery_images":[2000091],"_links":{"self":[{"href":"https:\/\/eu.tilta.com\/fr\/wp-json\/wp\/v2\/product\/2000653"}],"collection":[{"href":"https:\/\/eu.tilta.com\/fr\/wp-json\/wp\/v2\/product"}],"about":[{"href":"https:\/\/eu.tilta.com\/fr\/wp-json\/wp\/v2\/types\/product"}],"replies":[{"embeddable":true,"href":"https:\/\/eu.tilta.com\/fr\/wp-json\/wp\/v2\/comments?post=2000653"}],"wp:featuredmedia":[{"embeddable":true,"href":"https:\/\/eu.tilta.com\/fr\/wp-json\/wp\/v2\/media\/2000098"}],"wp:attachment":[{"href":"https:\/\/eu.tilta.com\/fr\/wp-json\/wp\/v2\/media?parent=2000653"}],"wp:term":[{"taxonomy":"product_cat","embeddable":true,"href":"https:\/\/eu.tilta.com\/fr\/wp-json\/wp\/v2\/product_cat?post=2000653"},{"taxonomy":"product_tag","embeddable":true,"href":"https:\/\/eu.tilta.com\/fr\/wp-json\/wp\/v2\/product_tag?post=2000653"}],"curies":[{"name":"wp","href":"https:\/\/api.w.org\/{rel}","templated":true}]}}