{"id":2000663,"date":"2024-07-30T10:53:08","date_gmt":"2024-07-30T08:53:08","guid":{"rendered":"https:\/\/de.tilta.com\/shop\/tiltaing-compact-nato-top-handle-with-nato-rail-kit-noir\/"},"modified":"2025-12-05T13:27:26","modified_gmt":"2025-12-05T12:27:26","slug":"tiltaing-compact-nato-top-handle-with-nato-rail-kit-black","status":"publish","type":"product","link":"https:\/\/eu.tilta.com\/fr\/shop\/tiltaing-compact-nato-top-handle-with-nato-rail-kit-black\/","title":{"rendered":"Tiltaing Compact NATO Top Handle with Nato Rail Kit &#8211; Noir"},"content":{"rendered":"<p>Cette poign\u00e9e compacte OTAN se fixe facilement et en toute s\u00e9curit\u00e9 sur le dessus de la cage de l&#8217;appareil photo Sony a7 IV.<br \/>\nElle offre plusieurs points de fixation 1\/4&#8243;-20 et 3\/8&#8243;-16 ainsi qu&#8217;un point de fixation pour la griffe froide \u00e0 l&#8217;avant de la poign\u00e9e. <\/p>\n","protected":false},"excerpt":{"rendered":"<p>Cette poign\u00e9e compacte OTAN se fixe facilement et en toute s\u00e9curit\u00e9 sur le dessus de la cage de l&#8217;appareil photo Sony a7 IV. Elle offre plusieurs points de fixation 1\/4&#8243;-20 et 3\/8&#8243;-16 ainsi qu&#8217;un point de fixation pour la griffe [&hellip;]<\/p>\n","protected":false},"featured_media":1999904,"comment_status":"closed","ping_status":"closed","template":"","meta":[],"product_cat":[3291,1718,2174],"product_tag":[],"acf":[],"gallery_images":[1999897],"_links":{"self":[{"href":"https:\/\/eu.tilta.com\/fr\/wp-json\/wp\/v2\/product\/2000663"}],"collection":[{"href":"https:\/\/eu.tilta.com\/fr\/wp-json\/wp\/v2\/product"}],"about":[{"href":"https:\/\/eu.tilta.com\/fr\/wp-json\/wp\/v2\/types\/product"}],"replies":[{"embeddable":true,"href":"https:\/\/eu.tilta.com\/fr\/wp-json\/wp\/v2\/comments?post=2000663"}],"wp:featuredmedia":[{"embeddable":true,"href":"https:\/\/eu.tilta.com\/fr\/wp-json\/wp\/v2\/media\/1999904"}],"wp:attachment":[{"href":"https:\/\/eu.tilta.com\/fr\/wp-json\/wp\/v2\/media?parent=2000663"}],"wp:term":[{"taxonomy":"product_cat","embeddable":true,"href":"https:\/\/eu.tilta.com\/fr\/wp-json\/wp\/v2\/product_cat?post=2000663"},{"taxonomy":"product_tag","embeddable":true,"href":"https:\/\/eu.tilta.com\/fr\/wp-json\/wp\/v2\/product_tag?post=2000663"}],"curies":[{"name":"wp","href":"https:\/\/api.w.org\/{rel}","templated":true}]}}