{"id":2000937,"date":"2024-07-31T09:23:11","date_gmt":"2024-07-31T07:23:11","guid":{"rendered":"https:\/\/de.tilta.com\/shop\/cage-de-protection-pour-canon-r5-r6-kit-a-v2-noir\/"},"modified":"2025-12-05T13:27:48","modified_gmt":"2025-12-05T12:27:48","slug":"camera-cage-for-canon-r5-r6-kit-a-v2-black-2","status":"publish","type":"product","link":"https:\/\/eu.tilta.com\/fr\/shop\/camera-cage-for-canon-r5-r6-kit-a-v2-black-2\/","title":{"rendered":"Cage de protection pour Canon R5\/R6 Kit A V2 &#8211; Noir"},"content":{"rendered":"<p>Sans bloquer la griffe de l&#8217;appareil photo, la cage compl\u00e8te Tilta pour Canon R5\/R6, en noir, offre deux fixations de griffe suppl\u00e9mentaires ainsi que des filetages de montage pour plusieurs accessoires Tilta en option.<br \/>\nDes filetages 1\/4&#8243;-20 d\u00e9di\u00e9s vous permettent de fixer des poign\u00e9es lat\u00e9rales, des supports de canne \u00e0 p\u00eache de 15 mm et une pince HDMI. Il y a \u00e9galement de petits filetages \u00e0 l&#8217;avant pour fixer un support d&#8217;adaptateur d&#8217;objectif. Pour r\u00e9gler les param\u00e8tres de l&#8217;appareil photo, la cage est \u00e9quip\u00e9e d&#8217;une molette de d\u00e9filement sur le dessus qui contr\u00f4le la molette de d\u00e9filement droite de l&#8217;appareil photo. La cage est livr\u00e9e avec une plaque \u00e0 d\u00e9gagement rapide qui se fixe au bas de la cage. La plaque offre plusieurs filetages 1\/4&#8243;-20 pour \u00e9quilibrer la cage sur les cardans et autres supports.<br \/>\nLa plaque permet \u00e9galement de fixer rapidement la plaque de base optionnelle Tilta 15mm LWS, qui vous permettra d&#8217;\u00e9tendre la cage avec des tiges et d&#8217;autres accessoires.<br \/>\nVous pouvez \u00e9galement acheter s\u00e9par\u00e9ment des plaques de fixation rapide Tilta standard Arca-Swiss et Manfrotto et les fixer \u00e0 la place de la plaque incluse pour une compatibilit\u00e9 directe avec les tr\u00e9pieds Arca\/Manfrotto et d&#8217;autres supports.   <\/p>\n","protected":false},"excerpt":{"rendered":"<p>Sans bloquer la griffe de l&#8217;appareil photo, la cage compl\u00e8te Tilta pour Canon R5\/R6, en noir, offre deux fixations de griffe suppl\u00e9mentaires ainsi que des filetages de montage pour plusieurs accessoires Tilta en option. Des filetages 1\/4&#8243;-20 d\u00e9di\u00e9s vous permettent [&hellip;]<\/p>\n","protected":false},"featured_media":2000878,"comment_status":"closed","ping_status":"closed","template":"","meta":[],"product_cat":[1623],"product_tag":[],"acf":[],"gallery_images":[2000883],"_links":{"self":[{"href":"https:\/\/eu.tilta.com\/fr\/wp-json\/wp\/v2\/product\/2000937"}],"collection":[{"href":"https:\/\/eu.tilta.com\/fr\/wp-json\/wp\/v2\/product"}],"about":[{"href":"https:\/\/eu.tilta.com\/fr\/wp-json\/wp\/v2\/types\/product"}],"replies":[{"embeddable":true,"href":"https:\/\/eu.tilta.com\/fr\/wp-json\/wp\/v2\/comments?post=2000937"}],"wp:featuredmedia":[{"embeddable":true,"href":"https:\/\/eu.tilta.com\/fr\/wp-json\/wp\/v2\/media\/2000878"}],"wp:attachment":[{"href":"https:\/\/eu.tilta.com\/fr\/wp-json\/wp\/v2\/media?parent=2000937"}],"wp:term":[{"taxonomy":"product_cat","embeddable":true,"href":"https:\/\/eu.tilta.com\/fr\/wp-json\/wp\/v2\/product_cat?post=2000937"},{"taxonomy":"product_tag","embeddable":true,"href":"https:\/\/eu.tilta.com\/fr\/wp-json\/wp\/v2\/product_tag?post=2000937"}],"curies":[{"name":"wp","href":"https:\/\/api.w.org\/{rel}","templated":true}]}}