{"id":2001075,"date":"2024-07-31T10:10:14","date_gmt":"2024-07-31T08:10:14","guid":{"rendered":"https:\/\/de.tilta.com\/shop\/adaptateur-dobjectif-a-monture-ef-ajustable-pour-sony-fx9-fx6\/"},"modified":"2026-03-13T14:16:45","modified_gmt":"2026-03-13T13:16:45","slug":"adjustable-ef-mount-lens-adapter-support-for-sony-fx9-fx6","status":"publish","type":"product","link":"https:\/\/eu.tilta.com\/fr\/shop\/adjustable-ef-mount-lens-adapter-support-for-sony-fx9-fx6\/","title":{"rendered":"Adaptateur d&#8217;objectif \u00e0 monture EF ajustable pour Sony FX9\/FX6"},"content":{"rendered":"<p>Ce support d&#8217;adaptateur d&#8217;objectif se fixe \u00e0 la cage de cam\u00e9ra compl\u00e8te pour les cam\u00e9ras Sony FX9 et FX6.<br \/>\nIl am\u00e9liore la flexibilit\u00e9 du syst\u00e8me de support existant de la cage et vous permet de fixer facilement divers adaptateurs d&#8217;objectif.<br \/>\nCet adaptateur est particuli\u00e8rement utile pour fixer l&#8217;adaptateur d&#8217;objectif de la monture E de Sony \u00e0 la monture EF de Canon.  <\/p>\n","protected":false},"excerpt":{"rendered":"<p>Ce support d&#8217;adaptateur d&#8217;objectif se fixe \u00e0 la cage de cam\u00e9ra compl\u00e8te pour les cam\u00e9ras Sony FX9 et FX6. Il am\u00e9liore la flexibilit\u00e9 du syst\u00e8me de support existant de la cage et vous permet de fixer facilement divers adaptateurs d&#8217;objectif. [&hellip;]<\/p>\n","protected":false},"featured_media":2000940,"comment_status":"closed","ping_status":"closed","template":"","meta":[],"product_cat":[1697,1675,2090],"product_tag":[],"acf":[],"gallery_images":[],"_links":{"self":[{"href":"https:\/\/eu.tilta.com\/fr\/wp-json\/wp\/v2\/product\/2001075"}],"collection":[{"href":"https:\/\/eu.tilta.com\/fr\/wp-json\/wp\/v2\/product"}],"about":[{"href":"https:\/\/eu.tilta.com\/fr\/wp-json\/wp\/v2\/types\/product"}],"replies":[{"embeddable":true,"href":"https:\/\/eu.tilta.com\/fr\/wp-json\/wp\/v2\/comments?post=2001075"}],"wp:featuredmedia":[{"embeddable":true,"href":"https:\/\/eu.tilta.com\/fr\/wp-json\/wp\/v2\/media\/2000940"}],"wp:attachment":[{"href":"https:\/\/eu.tilta.com\/fr\/wp-json\/wp\/v2\/media?parent=2001075"}],"wp:term":[{"taxonomy":"product_cat","embeddable":true,"href":"https:\/\/eu.tilta.com\/fr\/wp-json\/wp\/v2\/product_cat?post=2001075"},{"taxonomy":"product_tag","embeddable":true,"href":"https:\/\/eu.tilta.com\/fr\/wp-json\/wp\/v2\/product_tag?post=2001075"}],"curies":[{"name":"wp","href":"https:\/\/api.w.org\/{rel}","templated":true}]}}