{"id":2001076,"date":"2024-07-31T10:27:26","date_gmt":"2024-07-31T08:27:26","guid":{"rendered":"https:\/\/de.tilta.com\/shop\/poignee-annulaire-avancee-pour-le-kit-de-voyage-rs-2\/"},"modified":"2025-12-05T13:27:54","modified_gmt":"2025-12-05T12:27:54","slug":"advanced-ring-grip-for-rs-2-travel-kit","status":"publish","type":"product","link":"https:\/\/eu.tilta.com\/fr\/shop\/advanced-ring-grip-for-rs-2-travel-kit\/","title":{"rendered":"Poign\u00e9e annulaire avanc\u00e9e pour le kit de voyage RS 2"},"content":{"rendered":"<p><strong>AVERTISSEMENT : Soyez extr\u00eamement prudent lorsque vous connectez les c\u00e2bles d&#8217;alimentation P-Tap au module d&#8217;alimentation (non inclus), car si vous connectez les c\u00e2bles \u00e0 l&#8217;envers, vous risquez d&#8217;endommager la rotule<\/strong>. La poign\u00e9e annulaire avanc\u00e9e pour RS 2, RS 3 Pro, RS 4\/4 Pro vous offre une plus grande flexibilit\u00e9 pour alimenter votre rotule, monter des accessoires, contr\u00f4ler les moteurs de suivi de la mise au point sans fil et utiliser le corps de la rotule.<br \/>\nLa conception de la poign\u00e9e annulaire offre une stabilit\u00e9 accrue gr\u00e2ce \u00e0 plusieurs points de contact lors de l&#8217;utilisation de la rotule. Les b\u00e9quilles incluses vous permettent de poser la rotule apr\u00e8s de longues prises de vue afin d&#8217;\u00e9viter que l&#8217;op\u00e9rateur ne se fatigue.  La poign\u00e9e annulaire vous permet de transformer la poign\u00e9e de batterie du DJI Ronin (RS BG21\/30\/70) en une poign\u00e9e sup\u00e9rieure afin que vous puissiez rapidement passer \u00e0 des prises de vue \u00e0 faible angle tout en fournissant une puissance suppl\u00e9mentaire \u00e0 votre cardan. Le syst\u00e8me vous permet d&#8217;alimenter votre Ronin gimbal avec une batterie Gold Mount, une batterie V-Mount ou la poign\u00e9e de batterie du gimbal. L&#8217;Advanced Ring Grip vous permet de monter la Battery Handle sur le dessus de l&#8217;anneau, qui sert \u00e0 la fois de source d&#8217;\u00e9nergie et de poign\u00e9e sup\u00e9rieure. Elle peut \u00eatre utilis\u00e9e en combinaison avec une plaque de batterie Gold ou V-Mount, ce qui vous donne plus de flexibilit\u00e9 pour l&#8217;alimentation des accessoires et une plus longue dur\u00e9e de vie de la batterie sur le plateau. La poign\u00e9e de t\u00e9l\u00e9commande incluse se fixe sur le c\u00f4t\u00e9 droit de l&#8217;Advanced Ring Grip pour vous permettre d&#8217;acc\u00e9der facilement aux r\u00e9glages de votre cardan ainsi qu&#8217;aux fonctions d&#8217;enregistrement et de prise de vue de votre appareil photo. Le Thumbstick vous permet de contr\u00f4ler le Pan et le Tilt de votre gimbal pour une pr\u00e9cision maximale lors de l&#8217;utilisation et la Focus Wheel vous permet de contr\u00f4ler sans fil un moteur de contr\u00f4le d&#8217;objectif DJI ou Nucleus Series. La poign\u00e9e de contr\u00f4le d&#8217;objectif sans fil \u00e0 deux canaux incluse se fixe sur le c\u00f4t\u00e9 gauche de la poign\u00e9e annulaire avanc\u00e9e et vous permet de contr\u00f4ler deux canaux des moteurs de contr\u00f4le d&#8217;objectif de la s\u00e9rie Nucleus. R\u00e9glez facilement la mise au point, le diaphragme ou le zoom de votre objectif \u00e0 l&#8217;aide des deux molettes de mise au point situ\u00e9es sur la poign\u00e9e &#8211; une \u00e0 l&#8217;arri\u00e8re de la poign\u00e9e pour le pouce et une \u00e0 l&#8217;avant pour l&#8217;index. Comprend un contr\u00f4le limit\u00e9 des param\u00e8tres de menu du Ronin Gimbal via la touche Menu et dispose d&#8217;une g\u00e2chette pour passer rapidement d&#8217;un mode \u00e0 l&#8217;autre. Chaque poign\u00e9e n\u00e9cessite une seule batterie 18650 pour fonctionner sans fil. Ils peuvent \u00eatre aliment\u00e9s par la poign\u00e9e sup\u00e9rieure ou la plaque d&#8217;accumulateurs lorsqu&#8217;ils sont connect\u00e9s \u00e0 l&#8217;anneau de pr\u00e9hension.  <strong>REMARQUE : Soyez extr\u00eamement prudent lorsque vous montez des batteries 18650, car si vous les placez dans la mauvaise direction, vous risquez d&#8217;endommager les poign\u00e9es.<\/strong><\/p>\n<p><strong>RS3\/RS3 Pro : La cl\u00e9 M n&#8217;est PAS en mesure d&#8217;imiter la fonction du cardan. La touche M de cet appareil permet UNIQUEMENT de modifier le r\u00e9glage du mode.<\/strong><\/p>\n","protected":false},"excerpt":{"rendered":"<p>AVERTISSEMENT : Soyez extr\u00eamement prudent lorsque vous connectez les c\u00e2bles d&#8217;alimentation P-Tap au module d&#8217;alimentation (non inclus), car si vous connectez les c\u00e2bles \u00e0 l&#8217;envers, vous risquez d&#8217;endommager la rotule. La poign\u00e9e annulaire avanc\u00e9e pour RS 2, RS 3 Pro, [&hellip;]<\/p>\n","protected":false},"featured_media":2000947,"comment_status":"closed","ping_status":"closed","template":"","meta":[],"product_cat":[2363],"product_tag":[],"acf":[],"gallery_images":[2001006,2001030,2001024,2000994,2000988,2000982,2000976,2000970,2000964,2000958,2000952],"_links":{"self":[{"href":"https:\/\/eu.tilta.com\/fr\/wp-json\/wp\/v2\/product\/2001076"}],"collection":[{"href":"https:\/\/eu.tilta.com\/fr\/wp-json\/wp\/v2\/product"}],"about":[{"href":"https:\/\/eu.tilta.com\/fr\/wp-json\/wp\/v2\/types\/product"}],"replies":[{"embeddable":true,"href":"https:\/\/eu.tilta.com\/fr\/wp-json\/wp\/v2\/comments?post=2001076"}],"wp:featuredmedia":[{"embeddable":true,"href":"https:\/\/eu.tilta.com\/fr\/wp-json\/wp\/v2\/media\/2000947"}],"wp:attachment":[{"href":"https:\/\/eu.tilta.com\/fr\/wp-json\/wp\/v2\/media?parent=2001076"}],"wp:term":[{"taxonomy":"product_cat","embeddable":true,"href":"https:\/\/eu.tilta.com\/fr\/wp-json\/wp\/v2\/product_cat?post=2001076"},{"taxonomy":"product_tag","embeddable":true,"href":"https:\/\/eu.tilta.com\/fr\/wp-json\/wp\/v2\/product_tag?post=2001076"}],"curies":[{"name":"wp","href":"https:\/\/api.w.org\/{rel}","templated":true}]}}