{"id":2001161,"date":"2024-07-31T12:18:40","date_gmt":"2024-07-31T10:18:40","guid":{"rendered":"https:\/\/de.tilta.com\/shop\/mallette-rigide-pour-le-kit-follow-focus-cine-ff-double-face\/"},"modified":"2025-12-05T13:28:21","modified_gmt":"2025-12-05T12:28:21","slug":"follow-focus-kit-hard-shell-case-dual-sided-cine-ff","status":"publish","type":"product","link":"https:\/\/eu.tilta.com\/fr\/shop\/follow-focus-kit-hard-shell-case-dual-sided-cine-ff\/","title":{"rendered":"Mallette rigide pour le kit Follow Focus (Cine FF double face)"},"content":{"rendered":"<p>Prot\u00e9gez et rangez votre kit Follow Focus dans cet \u00e9tui de s\u00e9curit\u00e9 \u00e9tanche.<\/p>\n","protected":false},"excerpt":{"rendered":"<p>Prot\u00e9gez et rangez votre kit Follow Focus dans cet \u00e9tui de s\u00e9curit\u00e9 \u00e9tanche.<\/p>\n","protected":false},"featured_media":2001154,"comment_status":"closed","ping_status":"closed","template":"","meta":[],"product_cat":[2561],"product_tag":[],"acf":[],"gallery_images":[],"_links":{"self":[{"href":"https:\/\/eu.tilta.com\/fr\/wp-json\/wp\/v2\/product\/2001161"}],"collection":[{"href":"https:\/\/eu.tilta.com\/fr\/wp-json\/wp\/v2\/product"}],"about":[{"href":"https:\/\/eu.tilta.com\/fr\/wp-json\/wp\/v2\/types\/product"}],"replies":[{"embeddable":true,"href":"https:\/\/eu.tilta.com\/fr\/wp-json\/wp\/v2\/comments?post=2001161"}],"wp:featuredmedia":[{"embeddable":true,"href":"https:\/\/eu.tilta.com\/fr\/wp-json\/wp\/v2\/media\/2001154"}],"wp:attachment":[{"href":"https:\/\/eu.tilta.com\/fr\/wp-json\/wp\/v2\/media?parent=2001161"}],"wp:term":[{"taxonomy":"product_cat","embeddable":true,"href":"https:\/\/eu.tilta.com\/fr\/wp-json\/wp\/v2\/product_cat?post=2001161"},{"taxonomy":"product_tag","embeddable":true,"href":"https:\/\/eu.tilta.com\/fr\/wp-json\/wp\/v2\/product_tag?post=2001161"}],"curies":[{"name":"wp","href":"https:\/\/api.w.org\/{rel}","templated":true}]}}