{"id":2001166,"date":"2024-07-31T11:44:57","date_gmt":"2024-07-31T09:44:57","guid":{"rendered":"https:\/\/de.tilta.com\/shop\/cable-hdmi-male-vers-hdmi-male\/"},"modified":"2025-12-05T13:28:37","modified_gmt":"2025-12-05T12:28:37","slug":"hdmi-male-to-hdmi-male-cable","status":"publish","type":"product","link":"https:\/\/eu.tilta.com\/fr\/shop\/hdmi-male-to-hdmi-male-cable\/","title":{"rendered":"C\u00e2ble HDMI m\u00e2le vers HDMI m\u00e2le"},"content":{"rendered":"<p>C\u00e2ble HDMI m\u00e2le vers HDMI m\u00e2le, longueur : 30 cm\/60 cm<\/p>\n","protected":false},"excerpt":{"rendered":"<p>C\u00e2ble HDMI m\u00e2le vers HDMI m\u00e2le, longueur : 30 cm\/60 cm<\/p>\n","protected":false},"featured_media":2013137,"comment_status":"closed","ping_status":"closed","template":"","meta":[],"product_cat":[3233,3252,3388,1882,3291,1811,1794,1703,1697,2449],"product_tag":[],"acf":[],"gallery_images":[],"_links":{"self":[{"href":"https:\/\/eu.tilta.com\/fr\/wp-json\/wp\/v2\/product\/2001166"}],"collection":[{"href":"https:\/\/eu.tilta.com\/fr\/wp-json\/wp\/v2\/product"}],"about":[{"href":"https:\/\/eu.tilta.com\/fr\/wp-json\/wp\/v2\/types\/product"}],"replies":[{"embeddable":true,"href":"https:\/\/eu.tilta.com\/fr\/wp-json\/wp\/v2\/comments?post=2001166"}],"wp:featuredmedia":[{"embeddable":true,"href":"https:\/\/eu.tilta.com\/fr\/wp-json\/wp\/v2\/media\/2013137"}],"wp:attachment":[{"href":"https:\/\/eu.tilta.com\/fr\/wp-json\/wp\/v2\/media?parent=2001166"}],"wp:term":[{"taxonomy":"product_cat","embeddable":true,"href":"https:\/\/eu.tilta.com\/fr\/wp-json\/wp\/v2\/product_cat?post=2001166"},{"taxonomy":"product_tag","embeddable":true,"href":"https:\/\/eu.tilta.com\/fr\/wp-json\/wp\/v2\/product_tag?post=2001166"}],"curies":[{"name":"wp","href":"https:\/\/api.w.org\/{rel}","templated":true}]}}