{"id":2001172,"date":"2024-07-31T11:26:23","date_gmt":"2024-07-31T09:26:23","guid":{"rendered":"https:\/\/de.tilta.com\/shop\/kit-moteur-sans-fil-pour-tilta-mirage\/"},"modified":"2025-12-05T13:28:27","modified_gmt":"2025-12-05T12:28:27","slug":"wireless-motor-kit-for-tilta-mirage","status":"publish","type":"product","link":"https:\/\/eu.tilta.com\/fr\/shop\/wireless-motor-kit-for-tilta-mirage\/","title":{"rendered":"Kit moteur sans fil pour Tilta Mirage"},"content":{"rendered":"<p><strong>AVERTISSEMENT : n&#8217;alimentez pas cet appareil via USB-C lorsque le bloc d&#8217;alimentation 14500 est connect\u00e9.<\/strong>  Le moteur sans fil pour Tilta Mirage se monte directement sur le module ND variable de 95 mm et vous permet de r\u00e9gler le VND \u00e0 distance avec le contr\u00f4leur sans fil pour Mirage. Le moteur peut \u00eatre contr\u00f4l\u00e9 par le Nucleus M FIZ, les poign\u00e9es, le Nucleus Nano Hand Wheel, les poign\u00e9es de contr\u00f4le pour l&#8217;Advanced Ring Grip et notre poign\u00e9e de contr\u00f4le arri\u00e8re. Le moteur s&#8217;alimente via l&#8217;USB-C ou l&#8217;alimentation 14500 en option.  <strong>REMARQUE : Ce moteur peut \u00eatre aliment\u00e9, mais pas contr\u00f4l\u00e9 par nos poign\u00e9es lat\u00e9rales.<\/strong><\/p>\n<p><strong>Ce moteur n&#8217;est PAS compatible avec l&#8217;USB-C PD. L&#8217;affichage de la tension lors de l&#8217;alimentation via USB-C peut ne pas \u00eatre exact.<\/strong><\/p>\n","protected":false},"excerpt":{"rendered":"<p>AVERTISSEMENT : n&#8217;alimentez pas cet appareil via USB-C lorsque le bloc d&#8217;alimentation 14500 est connect\u00e9. Le moteur sans fil pour Tilta Mirage se monte directement sur le module ND variable de 95 mm et vous permet de r\u00e9gler le VND [&hellip;]<\/p>\n","protected":false},"featured_media":2001107,"comment_status":"closed","ping_status":"closed","template":"","meta":[],"product_cat":[2006],"product_tag":[],"acf":[],"gallery_images":[2001101,2001095],"_links":{"self":[{"href":"https:\/\/eu.tilta.com\/fr\/wp-json\/wp\/v2\/product\/2001172"}],"collection":[{"href":"https:\/\/eu.tilta.com\/fr\/wp-json\/wp\/v2\/product"}],"about":[{"href":"https:\/\/eu.tilta.com\/fr\/wp-json\/wp\/v2\/types\/product"}],"replies":[{"embeddable":true,"href":"https:\/\/eu.tilta.com\/fr\/wp-json\/wp\/v2\/comments?post=2001172"}],"wp:featuredmedia":[{"embeddable":true,"href":"https:\/\/eu.tilta.com\/fr\/wp-json\/wp\/v2\/media\/2001107"}],"wp:attachment":[{"href":"https:\/\/eu.tilta.com\/fr\/wp-json\/wp\/v2\/media?parent=2001172"}],"wp:term":[{"taxonomy":"product_cat","embeddable":true,"href":"https:\/\/eu.tilta.com\/fr\/wp-json\/wp\/v2\/product_cat?post=2001172"},{"taxonomy":"product_tag","embeddable":true,"href":"https:\/\/eu.tilta.com\/fr\/wp-json\/wp\/v2\/product_tag?post=2001172"}],"curies":[{"name":"wp","href":"https:\/\/api.w.org\/{rel}","templated":true}]}}