{"id":2001178,"date":"2024-07-31T11:01:46","date_gmt":"2024-07-31T09:01:46","guid":{"rendered":"https:\/\/de.tilta.com\/shop\/cable-bnc-a-angle-droit-vers-bnc-a-angle-droit-30cm\/"},"modified":"2025-12-05T13:28:30","modified_gmt":"2025-12-05T12:28:30","slug":"bnc-right-angle-to-bnc-right-angle-cable-30cm","status":"publish","type":"product","link":"https:\/\/eu.tilta.com\/fr\/shop\/bnc-right-angle-to-bnc-right-angle-cable-30cm\/","title":{"rendered":"C\u00e2ble BNC \u00e0 angle droit vers BNC \u00e0 angle droit (30cm)"},"content":{"rendered":"<p>Ce c\u00e2ble BNC \u00e0 angle droit vers BNC \u00e0 angle droit de 30 cm vous permet de connecter un signal vid\u00e9o s\u00e9curis\u00e9 \u00e0 un moniteur externe ou \u00e0 un transmetteur via le port SDI de votre cam\u00e9ra.<br \/>\nLa connexion \u00e0 angle droit en fait un excellent choix pour garder la gestion des c\u00e2bles ordonn\u00e9e et pour mieux s&#8217;adapter aux bo\u00eetiers de cam\u00e9ra o\u00f9 les batteries plus grandes peuvent limiter l&#8217;acc\u00e8s SDI, comme la RED Komodo. <\/p>\n","protected":false},"excerpt":{"rendered":"<p>Ce c\u00e2ble BNC \u00e0 angle droit vers BNC \u00e0 angle droit de 30 cm vous permet de connecter un signal vid\u00e9o s\u00e9curis\u00e9 \u00e0 un moniteur externe ou \u00e0 un transmetteur via le port SDI de votre cam\u00e9ra. La connexion \u00e0 [&hellip;]<\/p>\n","protected":false},"featured_media":2001082,"comment_status":"closed","ping_status":"closed","template":"","meta":[],"product_cat":[865],"product_tag":[],"acf":[],"gallery_images":[2001088],"_links":{"self":[{"href":"https:\/\/eu.tilta.com\/fr\/wp-json\/wp\/v2\/product\/2001178"}],"collection":[{"href":"https:\/\/eu.tilta.com\/fr\/wp-json\/wp\/v2\/product"}],"about":[{"href":"https:\/\/eu.tilta.com\/fr\/wp-json\/wp\/v2\/types\/product"}],"replies":[{"embeddable":true,"href":"https:\/\/eu.tilta.com\/fr\/wp-json\/wp\/v2\/comments?post=2001178"}],"wp:featuredmedia":[{"embeddable":true,"href":"https:\/\/eu.tilta.com\/fr\/wp-json\/wp\/v2\/media\/2001082"}],"wp:attachment":[{"href":"https:\/\/eu.tilta.com\/fr\/wp-json\/wp\/v2\/media?parent=2001178"}],"wp:term":[{"taxonomy":"product_cat","embeddable":true,"href":"https:\/\/eu.tilta.com\/fr\/wp-json\/wp\/v2\/product_cat?post=2001178"},{"taxonomy":"product_tag","embeddable":true,"href":"https:\/\/eu.tilta.com\/fr\/wp-json\/wp\/v2\/product_tag?post=2001178"}],"curies":[{"name":"wp","href":"https:\/\/api.w.org\/{rel}","templated":true}]}}