{"id":2001180,"date":"2024-07-31T11:36:40","date_gmt":"2024-07-31T09:36:40","guid":{"rendered":"https:\/\/de.tilta.com\/shop\/tiltaing-sony-a7siii-kit-b-gris-tactique\/"},"modified":"2026-04-30T10:00:17","modified_gmt":"2026-04-30T08:00:17","slug":"tiltaing-sony-a7siii-kit-b-tactical-gray","status":"publish","type":"product","link":"https:\/\/eu.tilta.com\/fr\/shop\/tiltaing-sony-a7siii-kit-b-tactical-gray\/","title":{"rendered":"Tiltaing Sony a7siii Kit B &#8211; Gris tactique"},"content":{"rendered":"<p>Cette &#8220;demi&#8221; cage de cam\u00e9ra fournit une armure de protection pour la cam\u00e9ra Sony a7S III. Il comporte plusieurs points de fixation 1\/4&#8243;-20 ainsi qu&#8217;un point de fixation \u00e0 froid. La base de la cage comporte \u00e9galement plusieurs trous de fixation pour attacher votre cam\u00e9ra \u00e0 des cardans afin d&#8217;ajuster plus facilement l&#8217;\u00e9quilibre de votre installation. Diff\u00e9rentes plaques de base peuvent \u00eatre fix\u00e9es au fond de la cage, ce qui permet de monter diff\u00e9rentes tiges et de configurer l&#8217;alimentation \u00e9lectrique en option. Une poign\u00e9e sup\u00e9rieure l\u00e9g\u00e8re \u00e0 d\u00e9gagement rapide Tiltaing avec des goupilles de localisation Arri peut \u00eatre fix\u00e9e \u00e0 la cage pour fournir une configuration confortable pour l&#8217;utilisation de la cam\u00e9ra. Ce kit de la cage Sony a7S III comprend : la demi-cage pour Sony a7S III, un rail NATO qui se fixe sur le c\u00f4t\u00e9 de la cage, une poign\u00e9e lat\u00e9rale en bois qui se fixe via la connexion du rail NATO, et enfin une attache de chaussure froide qui se monte sur le dessus de la poign\u00e9e en bois pour permettre la fixation de divers accessoires.<\/p>\n","protected":false},"excerpt":{"rendered":"<p>Cette &#8220;demi&#8221; cage de cam\u00e9ra fournit une armure de protection pour la cam\u00e9ra Sony a7S III. Il comporte plusieurs points de fixation 1\/4&#8243;-20 ainsi qu&#8217;un point de fixation \u00e0 froid. La base de la cage comporte \u00e9galement plusieurs trous de [&hellip;]<\/p>\n","protected":false},"featured_media":2001116,"comment_status":"closed","ping_status":"closed","template":"","meta":[],"product_cat":[2794],"product_tag":[],"acf":[],"gallery_images":[],"_links":{"self":[{"href":"https:\/\/eu.tilta.com\/fr\/wp-json\/wp\/v2\/product\/2001180"}],"collection":[{"href":"https:\/\/eu.tilta.com\/fr\/wp-json\/wp\/v2\/product"}],"about":[{"href":"https:\/\/eu.tilta.com\/fr\/wp-json\/wp\/v2\/types\/product"}],"replies":[{"embeddable":true,"href":"https:\/\/eu.tilta.com\/fr\/wp-json\/wp\/v2\/comments?post=2001180"}],"wp:featuredmedia":[{"embeddable":true,"href":"https:\/\/eu.tilta.com\/fr\/wp-json\/wp\/v2\/media\/2001116"}],"wp:attachment":[{"href":"https:\/\/eu.tilta.com\/fr\/wp-json\/wp\/v2\/media?parent=2001180"}],"wp:term":[{"taxonomy":"product_cat","embeddable":true,"href":"https:\/\/eu.tilta.com\/fr\/wp-json\/wp\/v2\/product_cat?post=2001180"},{"taxonomy":"product_tag","embeddable":true,"href":"https:\/\/eu.tilta.com\/fr\/wp-json\/wp\/v2\/product_tag?post=2001180"}],"curies":[{"name":"wp","href":"https:\/\/api.w.org\/{rel}","templated":true}]}}