{"id":2008207,"date":"2024-06-03T17:11:34","date_gmt":"2024-06-03T15:11:34","guid":{"rendered":"https:\/\/de.tilta.com\/shop\/tilta-universal-ssd-drive-holder-v2-noir\/"},"modified":"2025-12-05T13:46:06","modified_gmt":"2025-12-05T12:46:06","slug":"tilta-universal-ssd-drive-holder-v2-black","status":"publish","type":"product","link":"https:\/\/eu.tilta.com\/fr\/shop\/tilta-universal-ssd-drive-holder-v2-black\/","title":{"rendered":"Tilta Universal SSD Drive Holder V2 &#8211; Noir"},"content":{"rendered":"<div class=\"overview-text\">\n<p>Cette version mise \u00e0 jour de notre support universel pour disque SSD permet aux utilisateurs de monter diff\u00e9rents disques d&#8217;\u00e9tat solide sur la cage de leur cam\u00e9ra afin d&#8217;enregistrer en externe.<\/p>\n<p>Les deux vis 1\/4\u2033-20 offrent une s\u00e9curit\u00e9 plus que suffisante et limitent le risque de rotation involontaire du support d&#8217;entra\u00eenement.<\/p>\n<p>Le centre de cet accessoire est dot\u00e9 d&#8217;une fente \u00e0 vis int\u00e9gr\u00e9e qui offre aux utilisateurs une plus grande flexibilit\u00e9 en termes d&#8217;emplacement de montage de l&#8217;accessoire sur la cage de leur appareil photo.<\/p>\n<p>Le serre-c\u00e2ble \u00e0 vis pratique assure une connexion s\u00fbre entre le c\u00e2ble et le lecteur, ce qui \u00e9vite les d\u00e9connexions accidentelles.<\/p>\n<p>Ce serre-c\u00e2ble est compatible avec une grande vari\u00e9t\u00e9 de c\u00e2bles, car le bouton de r\u00e9glage de la hauteur permet aux utilisateurs d&#8217;ajuster la position exacte de ce serre-c\u00e2ble.<\/p>\n<p>Ce support de disque est compatible avec la plupart de nos cages de cam\u00e9ra et avec de nombreux disques SSD de 50 \u00e0 70 mm (1,97 \u00e0 2,76 pouces) de large et de 15 mm (0,6 pouce) d&#8217;\u00e9paisseur.<\/p>\n<\/div>\n","protected":false},"excerpt":{"rendered":"<p>Cette version mise \u00e0 jour de notre support universel pour disque SSD permet aux utilisateurs de monter diff\u00e9rents disques d&#8217;\u00e9tat solide sur la cage de leur cam\u00e9ra afin d&#8217;enregistrer en externe. Les deux vis 1\/4\u2033-20 offrent une s\u00e9curit\u00e9 plus que [&hellip;]<\/p>\n","protected":false},"featured_media":2000413,"comment_status":"closed","ping_status":"closed","template":"","meta":[],"product_cat":[2271],"product_tag":[],"acf":[],"gallery_images":[2000407,2000401,2000395,2000389],"_links":{"self":[{"href":"https:\/\/eu.tilta.com\/fr\/wp-json\/wp\/v2\/product\/2008207"}],"collection":[{"href":"https:\/\/eu.tilta.com\/fr\/wp-json\/wp\/v2\/product"}],"about":[{"href":"https:\/\/eu.tilta.com\/fr\/wp-json\/wp\/v2\/types\/product"}],"replies":[{"embeddable":true,"href":"https:\/\/eu.tilta.com\/fr\/wp-json\/wp\/v2\/comments?post=2008207"}],"wp:featuredmedia":[{"embeddable":true,"href":"https:\/\/eu.tilta.com\/fr\/wp-json\/wp\/v2\/media\/2000413"}],"wp:attachment":[{"href":"https:\/\/eu.tilta.com\/fr\/wp-json\/wp\/v2\/media?parent=2008207"}],"wp:term":[{"taxonomy":"product_cat","embeddable":true,"href":"https:\/\/eu.tilta.com\/fr\/wp-json\/wp\/v2\/product_cat?post=2008207"},{"taxonomy":"product_tag","embeddable":true,"href":"https:\/\/eu.tilta.com\/fr\/wp-json\/wp\/v2\/product_tag?post=2008207"}],"curies":[{"name":"wp","href":"https:\/\/api.w.org\/{rel}","templated":true}]}}