{"id":2008209,"date":"2024-08-08T12:16:54","date_gmt":"2024-08-08T10:16:54","guid":{"rendered":"https:\/\/de.tilta.com\/shop\/tilta-vt05-travel-video-fluid-head-with-3-stage-carbon-fiber-tripod-legs-5kg-tete-fluide-de-voyage-pour-video-avec-jambes-de-trepied-en-fibre-de-carbone-a-3-niveaux\/"},"modified":"2025-12-05T13:46:28","modified_gmt":"2025-12-05T12:46:28","slug":"tilta-vt05-travel-video-fluid-head-with-3-stage-carbon-fiber-tripod-legs-5kg","status":"publish","type":"product","link":"https:\/\/eu.tilta.com\/fr\/shop\/tilta-vt05-travel-video-fluid-head-with-3-stage-carbon-fiber-tripod-legs-5kg\/","title":{"rendered":"Tilta VT05 Travel Video Fluid Head with 3-Stage Carbon Fiber Tripod Legs (5KG) (T\u00eate fluide de voyage pour vid\u00e9o avec jambes de tr\u00e9pied en fibre de carbone \u00e0 3 niveaux)"},"content":{"rendered":"<div class=\"overview-text\">\n<p><em>Le tr\u00e9pied \u00e0 t\u00eate fluide Tilta Travel Video avec jambes en fibre de carbone \u00e0 3 niveaux est con\u00e7u pour am\u00e9liorer votre exp\u00e9rience de tournage gr\u00e2ce \u00e0 une polyvalence et une pr\u00e9cision in\u00e9gal\u00e9es.<\/em><\/p>\n<p>Fabriqu\u00e9s en fibre de carbone haute r\u00e9sistance \u00e0 10 couches crois\u00e9es, ces pieds de tr\u00e9pieds garantissent une stabilit\u00e9 robuste tout en restant exceptionnellement l\u00e9gers.<\/p>\n<p>Que ce soit sur un terrain accident\u00e9 ou sur des surfaces lisses, passez facilement des pieds en caoutchouc aux pointes en m\u00e9tal d&#8217;une simple rotation, pour une adh\u00e9rence optimale dans n&#8217;importe quel environnement.<\/p>\n<p>Con\u00e7u dans un souci de flexibilit\u00e9, ce tr\u00e9pied dispose de plusieurs points de montage pour une int\u00e9gration transparente d&#8217;accessoires suppl\u00e9mentaires tels que des pinces pour smartphone, des supports pour iPad ou des bras articul\u00e9s, gr\u00e2ce \u00e0 plusieurs filetages 1\/4\u2033-20 avec points de positionnement.<\/p>\n<p>La t\u00eate fluide, con\u00e7ue avec pr\u00e9cision, supporte jusqu&#8217;\u00e0 5 kg, offrant des mouvements fluides et pr\u00e9cis pour des prises de vue de qualit\u00e9 professionnelle. Le r\u00e9cepteur ARCA et la plaque de fixation rapide incluse rendent la rotule fluide compatible avec la plupart des syst\u00e8mes de cam\u00e9ra ou des cages.<\/p>\n<p>Des caract\u00e9ristiques innovantes telles qu&#8217;un syst\u00e8me de r\u00e9glage semi-automatique de l&#8217;angle et une colonne amovible en fibre de carbone permettent une installation rapide et des angles de prise de vue personnalisables.<\/p>\n<p>Avec une plage de hauteur allant d&#8217;un peu moins de 10 pouces \u00e0 une hauteur maximale de 5,91 pieds, ces pieds offrent une flexibilit\u00e9 extr\u00eame lorsqu&#8217;il s&#8217;agit d&#8217;obtenir l&#8217;angle de prise de vue d\u00e9sir\u00e9.<\/p>\n<p>Compact et portable, il se glisse sans effort dans votre valise ou votre sac photo, pr\u00eat pour n&#8217;importe quel tournage.<\/p>\n<p>S&#8217;appuyant sur les ann\u00e9es d&#8217;expertise de Tilta dans la fabrication d&#8217;accessoires d&#8217;imagerie de premier plan, ce syst\u00e8me \u00e9tablit une nouvelle norme en mati\u00e8re de stabilit\u00e9, de polyvalence et de facilit\u00e9 d&#8217;utilisation, id\u00e9ale pour les vid\u00e9astes et les cin\u00e9astes \u00e0 la recherche de performances sup\u00e9rieures dans un format l\u00e9ger.<\/p>\n<\/div>\n","protected":false},"excerpt":{"rendered":"<p>Le tr\u00e9pied \u00e0 t\u00eate fluide Tilta Travel Video avec jambes en fibre de carbone \u00e0 3 niveaux est con\u00e7u pour am\u00e9liorer votre exp\u00e9rience de tournage gr\u00e2ce \u00e0 une polyvalence et une pr\u00e9cision in\u00e9gal\u00e9es. Fabriqu\u00e9s en fibre de carbone haute r\u00e9sistance [&hellip;]<\/p>\n","protected":false},"featured_media":2008064,"comment_status":"closed","ping_status":"closed","template":"","meta":[],"product_cat":[3362,3365,3906,3291],"product_tag":[],"acf":[],"gallery_images":[2008058,2008052,2008046,2008040,2008034,2008028],"_links":{"self":[{"href":"https:\/\/eu.tilta.com\/fr\/wp-json\/wp\/v2\/product\/2008209"}],"collection":[{"href":"https:\/\/eu.tilta.com\/fr\/wp-json\/wp\/v2\/product"}],"about":[{"href":"https:\/\/eu.tilta.com\/fr\/wp-json\/wp\/v2\/types\/product"}],"replies":[{"embeddable":true,"href":"https:\/\/eu.tilta.com\/fr\/wp-json\/wp\/v2\/comments?post=2008209"}],"wp:featuredmedia":[{"embeddable":true,"href":"https:\/\/eu.tilta.com\/fr\/wp-json\/wp\/v2\/media\/2008064"}],"wp:attachment":[{"href":"https:\/\/eu.tilta.com\/fr\/wp-json\/wp\/v2\/media?parent=2008209"}],"wp:term":[{"taxonomy":"product_cat","embeddable":true,"href":"https:\/\/eu.tilta.com\/fr\/wp-json\/wp\/v2\/product_cat?post=2008209"},{"taxonomy":"product_tag","embeddable":true,"href":"https:\/\/eu.tilta.com\/fr\/wp-json\/wp\/v2\/product_tag?post=2008209"}],"curies":[{"name":"wp","href":"https:\/\/api.w.org\/{rel}","templated":true}]}}