{"id":2008230,"date":"2024-08-07T12:11:09","date_gmt":"2024-08-07T10:11:09","guid":{"rendered":"https:\/\/de.tilta.com\/shop\/basic-ring-grip-plus-pour-dji-ronin-control-travel-kit\/"},"modified":"2025-12-05T13:46:23","modified_gmt":"2025-12-05T12:46:23","slug":"basic-ring-grip-plus-for-dji-ronin-control-travel-kit","status":"publish","type":"product","link":"https:\/\/eu.tilta.com\/fr\/shop\/basic-ring-grip-plus-for-dji-ronin-control-travel-kit\/","title":{"rendered":"Basic Ring Grip Plus pour DJI Ronin Control Travel Kit"},"content":{"rendered":"<p><strong>Le Basic Ring Grip Plus est le syst\u00e8me de support le plus \u00e9conomique pour les cardans DJI RS2, RS 3 Pro et RS 4\/4 Pro.<\/strong><\/p>\n<p>Le kit de contr\u00f4le de la poign\u00e9e Basic Ring Grip Plus comprend une toute nouvelle poign\u00e9e de contr\u00f4le qui vous permet de contr\u00f4ler le ronin via la poign\u00e9e, mais n&#8217;offre pas le contr\u00f4le de la mise au point que l&#8217;on trouve sur les poign\u00e9es avanc\u00e9es.<\/p>\n<p>Cette version am\u00e9lior\u00e9e de la poign\u00e9e annulaire de base prend en charge tous les accessoires des versions pr\u00e9c\u00e9dentes, y compris la t\u00e9l\u00e9commande et les poign\u00e9es \u00e0 double canal.<\/p>\n<p>Utilisant un nouvel alliage d&#8217;aluminium et de magn\u00e9sium, le Basic Ring Grip Plus am\u00e9liore le mod\u00e8le pr\u00e9c\u00e9dent avec un poids l\u00e9g\u00e8rement plus l\u00e9ger et une durabilit\u00e9 accrue.<\/p>\n<p>La poign\u00e9e Basic Ring Grip Plus pr\u00e9sente les m\u00eames points de contact que nos autres mod\u00e8les, ce qui signifie que vous pouvez utiliser les plaques de batterie Gold ou V-Mount pour alimenter votre gimbal et vos accessoires plus longtemps.<\/p>\n<p>Vous pouvez \u00e9galement utiliser notre module d&#8217;alimentation qui offre des options de montage et d&#8217;alimentation pratiques pour des accessoires tels que des moniteurs externes ou des transmetteurs vid\u00e9o sans fil.<\/p>\n<p>Nos syst\u00e8mes Ring Grip offrent une stabilit\u00e9 accrue par rapport \u00e0 une utilisation manuelle normale en utilisant plusieurs points de contact gr\u00e2ce aux deux poign\u00e9es m\u00e9caniques incluses.<\/p>\n<p>Comme pour les versions pr\u00e9c\u00e9dentes, cela vous permet \u00e9galement de transformer la poign\u00e9e de batterie du cardan en poign\u00e9e sup\u00e9rieure afin de passer rapidement \u00e0 des prises de vue en contre-plong\u00e9e tout en fournissant une puissance suppl\u00e9mentaire \u00e0 votre cardan.<\/p>\n<p>Une b\u00e9quille int\u00e9gr\u00e9e vous permet de poser facilement la rotule entre deux prises de vue.<\/p>\n<p>REMARQUE : La poign\u00e9e de contr\u00f4le ne peut \u00eatre aliment\u00e9e que lorsqu&#8217;elle est connect\u00e9e \u00e0 l&#8217;anneau de pr\u00e9hension.<\/p>\n","protected":false},"excerpt":{"rendered":"<p>Le Basic Ring Grip Plus est le syst\u00e8me de support le plus \u00e9conomique pour les cardans DJI RS2, RS 3 Pro et RS 4\/4 Pro. Le kit de contr\u00f4le de la poign\u00e9e Basic Ring Grip Plus comprend une toute nouvelle [&hellip;]<\/p>\n","protected":false},"featured_media":2007972,"comment_status":"closed","ping_status":"closed","template":"","meta":[],"product_cat":[2290],"product_tag":[],"acf":[],"gallery_images":[2008002,2008020,2008014,2007978,2008008,2007966,2007960,2007996,2007990,2007984],"_links":{"self":[{"href":"https:\/\/eu.tilta.com\/fr\/wp-json\/wp\/v2\/product\/2008230"}],"collection":[{"href":"https:\/\/eu.tilta.com\/fr\/wp-json\/wp\/v2\/product"}],"about":[{"href":"https:\/\/eu.tilta.com\/fr\/wp-json\/wp\/v2\/types\/product"}],"replies":[{"embeddable":true,"href":"https:\/\/eu.tilta.com\/fr\/wp-json\/wp\/v2\/comments?post=2008230"}],"wp:featuredmedia":[{"embeddable":true,"href":"https:\/\/eu.tilta.com\/fr\/wp-json\/wp\/v2\/media\/2007972"}],"wp:attachment":[{"href":"https:\/\/eu.tilta.com\/fr\/wp-json\/wp\/v2\/media?parent=2008230"}],"wp:term":[{"taxonomy":"product_cat","embeddable":true,"href":"https:\/\/eu.tilta.com\/fr\/wp-json\/wp\/v2\/product_cat?post=2008230"},{"taxonomy":"product_tag","embeddable":true,"href":"https:\/\/eu.tilta.com\/fr\/wp-json\/wp\/v2\/product_tag?post=2008230"}],"curies":[{"name":"wp","href":"https:\/\/api.w.org\/{rel}","templated":true}]}}