{"id":2008741,"date":"2024-08-13T05:38:02","date_gmt":"2024-08-13T03:38:02","guid":{"rendered":"https:\/\/de.tilta.com\/shop\/cage-de-protection-pour-insta360-x4-noir\/"},"modified":"2025-12-05T13:46:39","modified_gmt":"2025-12-05T12:46:39","slug":"full-camera-cage-for-insta360-x4-black","status":"publish","type":"product","link":"https:\/\/eu.tilta.com\/fr\/shop\/full-camera-cage-for-insta360-x4-black\/","title":{"rendered":"Cage de protection pour Insta360 X4 &#8211; Noir"},"content":{"rendered":"<p>Cette cage de cam\u00e9ra offre une protection suppl\u00e9mentaire \u00e0 l&#8217;Insta360 X4 et am\u00e9liore la flexibilit\u00e9 pour le montage et l&#8217;utilisation de la cam\u00e9ra d&#8217;action.<\/p>\n<p>La cage offre plusieurs options de montage pour une vari\u00e9t\u00e9 d&#8217;accessoires, y compris un filetage \u00bc&#8221;-20 avec des points de rep\u00e9rage et un r\u00e9cepteur de griffe froide.<\/p>\n<p>La conception \u00e0 d\u00e9gagement rapide permet d&#8217;installer ou de retirer rapidement la cage pour un acc\u00e8s rapide au bo\u00eetier de l&#8217;appareil photo.<\/p>\n<p>Le support rotatif pivote \u00e0 90\u00b0, ce qui permet aux utilisateurs de poser l&#8217;appareil photo sur une surface plane sans rayer l&#8217;objectif et la cage.<\/p>\n<p>Cette cage \u00e0 cam\u00e9ra est \u00e9galement compatible avec le protecteur d&#8217;objectif en silicone qui n&#8217;est pas inclus.<\/p>\n<p>La cage est dot\u00e9e d&#8217;un rembourrage absorbant les chocs qui aide \u00e0 stabiliser le syst\u00e8me et fournit une protection suppl\u00e9mentaire.<\/p>\n<p>La cage offre \u00e9galement un acc\u00e8s facile \u00e0 tous les boutons de l&#8217;utilisateur et au compartiment de la batterie, ce qui facilite le remplacement de celle-ci.<\/p>\n","protected":false},"excerpt":{"rendered":"<p>Cette cage de cam\u00e9ra offre une protection suppl\u00e9mentaire \u00e0 l&#8217;Insta360 X4 et am\u00e9liore la flexibilit\u00e9 pour le montage et l&#8217;utilisation de la cam\u00e9ra d&#8217;action. La cage offre plusieurs options de montage pour une vari\u00e9t\u00e9 d&#8217;accessoires, y compris un filetage \u00bc&#8221;-20 [&hellip;]<\/p>\n","protected":false},"featured_media":2008285,"comment_status":"closed","ping_status":"closed","template":"","meta":[],"product_cat":[3089],"product_tag":[],"acf":[],"gallery_images":[2008278,2008272,2008266,2008260,2008254,2008248,2008242,2008236],"_links":{"self":[{"href":"https:\/\/eu.tilta.com\/fr\/wp-json\/wp\/v2\/product\/2008741"}],"collection":[{"href":"https:\/\/eu.tilta.com\/fr\/wp-json\/wp\/v2\/product"}],"about":[{"href":"https:\/\/eu.tilta.com\/fr\/wp-json\/wp\/v2\/types\/product"}],"replies":[{"embeddable":true,"href":"https:\/\/eu.tilta.com\/fr\/wp-json\/wp\/v2\/comments?post=2008741"}],"wp:featuredmedia":[{"embeddable":true,"href":"https:\/\/eu.tilta.com\/fr\/wp-json\/wp\/v2\/media\/2008285"}],"wp:attachment":[{"href":"https:\/\/eu.tilta.com\/fr\/wp-json\/wp\/v2\/media?parent=2008741"}],"wp:term":[{"taxonomy":"product_cat","embeddable":true,"href":"https:\/\/eu.tilta.com\/fr\/wp-json\/wp\/v2\/product_cat?post=2008741"},{"taxonomy":"product_tag","embeddable":true,"href":"https:\/\/eu.tilta.com\/fr\/wp-json\/wp\/v2\/product_tag?post=2008741"}],"curies":[{"name":"wp","href":"https:\/\/api.w.org\/{rel}","templated":true}]}}