{"id":2008742,"date":"2024-04-25T18:19:25","date_gmt":"2024-04-25T16:19:25","guid":{"rendered":"https:\/\/de.tilta.com\/shop\/tiltaing-poignee-avancee-gauche-avec-marche-arret-batterie-f570-noir-poignee-seule\/"},"modified":"2025-12-05T13:46:39","modified_gmt":"2025-12-05T12:46:39","slug":"tiltaing-advanced-run-stop-handle-handle-only-open-box","status":"publish","type":"product","link":"https:\/\/eu.tilta.com\/fr\/shop\/tiltaing-advanced-run-stop-handle-handle-only-open-box\/","title":{"rendered":"Tiltaing Poign\u00e9e avanc\u00e9e gauche avec Marche\/Arr\u00eat (Batterie F570) &#8211; Noir (Poign\u00e9e seule)"},"content":{"rendered":"<p><strong>REMARQUE : Cette poign\u00e9e n&#8217;est PAS con\u00e7ue pour alimenter la plupart des appareils photo et ne peut pas alimenter le Canon R5C.<\/strong><\/p>\n<p>Cette poign\u00e9e avanc\u00e9e se fixe sur le c\u00f4t\u00e9 gauche des cages de cam\u00e9ra Tiltaing. Un port de batterie situ\u00e9 sous la poign\u00e9e vous permet d&#8217;utiliser une batterie Sony F570 pour alimenter divers accessoires via les sorties d&#8217;alimentation USB-C 8V et 12V DC.<\/p>\n<p>Un bouton marche\/arr\u00eat int\u00e9gr\u00e9 vous permet de contr\u00f4ler la fonction de d\u00e9marrage\/arr\u00eat de l&#8217;enregistrement de votre appareil photo par le biais d&#8217;un c\u00e2ble R\/S optionnel (pour les appareils photo qui prennent en charge cette fonction).<\/p>\n<p><strong>REMARQUE : L&#8217;adaptateur de type V est dot\u00e9 d&#8217;une rosette standard Tilta qui est compatible avec certaines rosettes ARRI, mais pas toutes.<\/strong><\/p>\n","protected":false},"excerpt":{"rendered":"<p>REMARQUE : Cette poign\u00e9e n&#8217;est PAS con\u00e7ue pour alimenter la plupart des appareils photo et ne peut pas alimenter le Canon R5C. Cette poign\u00e9e avanc\u00e9e se fixe sur le c\u00f4t\u00e9 gauche des cages de cam\u00e9ra Tiltaing. Un port de batterie [&hellip;]<\/p>\n","protected":false},"featured_media":2008693,"comment_status":"closed","ping_status":"closed","template":"","meta":[],"product_cat":[2044],"product_tag":[],"acf":[],"gallery_images":[2008687],"_links":{"self":[{"href":"https:\/\/eu.tilta.com\/fr\/wp-json\/wp\/v2\/product\/2008742"}],"collection":[{"href":"https:\/\/eu.tilta.com\/fr\/wp-json\/wp\/v2\/product"}],"about":[{"href":"https:\/\/eu.tilta.com\/fr\/wp-json\/wp\/v2\/types\/product"}],"replies":[{"embeddable":true,"href":"https:\/\/eu.tilta.com\/fr\/wp-json\/wp\/v2\/comments?post=2008742"}],"wp:featuredmedia":[{"embeddable":true,"href":"https:\/\/eu.tilta.com\/fr\/wp-json\/wp\/v2\/media\/2008693"}],"wp:attachment":[{"href":"https:\/\/eu.tilta.com\/fr\/wp-json\/wp\/v2\/media?parent=2008742"}],"wp:term":[{"taxonomy":"product_cat","embeddable":true,"href":"https:\/\/eu.tilta.com\/fr\/wp-json\/wp\/v2\/product_cat?post=2008742"},{"taxonomy":"product_tag","embeddable":true,"href":"https:\/\/eu.tilta.com\/fr\/wp-json\/wp\/v2\/product_tag?post=2008742"}],"curies":[{"name":"wp","href":"https:\/\/api.w.org\/{rel}","templated":true}]}}