{"id":2008768,"date":"2024-08-13T08:25:37","date_gmt":"2024-08-13T06:25:37","guid":{"rendered":"https:\/\/de.tilta.com\/shop\/tilta-bt03-rotule-de-table-avec-jambes-de-trepied-en-fibre-de-carbone-a-1-etage-3kg\/"},"modified":"2025-12-05T13:47:11","modified_gmt":"2025-12-05T12:47:11","slug":"tilta-bt03-tabletop-ball-head-with-1-stage-carbon-fiber-tripod-legs-3kg","status":"publish","type":"product","link":"https:\/\/eu.tilta.com\/fr\/shop\/tilta-bt03-tabletop-ball-head-with-1-stage-carbon-fiber-tripod-legs-3kg\/","title":{"rendered":"Tilta BT03 rotule de table avec jambes de tr\u00e9pied en fibre de carbone \u00e0 1 \u00e9tage (3KG)"},"content":{"rendered":"<p><em>Voici la rotule de table avec jambes de tr\u00e9pied en fibre de carbone \u00e0 1 \u00e9tage (BT03), un tr\u00e9pied polyvalent et compact con\u00e7u pour la pr\u00e9cision et la portabilit\u00e9.<\/em><\/p>\n<p>Le BT03 est \u00e9quip\u00e9 d&#8217;une rotule robuste qui supporte jusqu&#8217;\u00e0 3 kg et comprend une fente pour la prise de vue verticale \u00e0 90\u00b0, ce qui permet des transitions transparentes entre les configurations horizontales, verticales et a\u00e9riennes.<\/p>\n<p>La plaque de fixation rapide Arca se monte solidement sur la plupart des appareils photo et des cages d&#8217;appareil photo \u00e0 l&#8217;aide d&#8217;une vis 1\/4\u2033-20. La plupart de nos cages \u00e0 cam\u00e9ra sont compatibles en natif.<\/p>\n<p>Dot\u00e9 d&#8217;une conception \u00e9l\u00e9gante sans colonne centrale, ce tr\u00e9pied excelle dans les espaces restreints et les prises de vue en contre-plong\u00e9e. Les capacit\u00e9s de prise de vue \u00e0 tr\u00e8s faible angle du tr\u00e9pied sont renforc\u00e9es par trois angles de jambe r\u00e9glables, permettant des perspectives cr\u00e9atives \u00e0 partir de diff\u00e9rents points de vue.<\/p>\n<p>Fabriqu\u00e9 en fibre de carbone multicouche entrelac\u00e9e de diamants, le tr\u00e9pied est \u00e0 la fois durable et incroyablement l\u00e9ger, ce qui le rend id\u00e9al pour un usage quotidien.<\/p>\n<p>Ses pieds en deux parties s&#8217;\u00e9tendent jusqu&#8217;\u00e0 13,7\u2033 et le m\u00e9canisme de verrouillage permet un r\u00e9glage rapide et pr\u00e9cis de la hauteur. Il peut \u00eatre associ\u00e9 \u00e0 une barre d&#8217;extension optionnelle pour plus de hauteur.<\/p>\n<p>De plus, la poign\u00e9e est t\u00e9lescopique pour un plus grand confort, tandis que les pieds comportent des points de fixation 1\/4\u2033-20 avec des goupilles de positionnement, ce qui permet aux utilisateurs de monter divers accessoires.<\/p>\n<p><em>Que vous travailliez localement ou \u00e0 l&#8217;\u00e9tranger, ce tr\u00e9pied offre la fonctionnalit\u00e9 et la durabilit\u00e9 n\u00e9cessaires pour prendre vos meilleures photos.<\/em><\/p>\n","protected":false},"excerpt":{"rendered":"<p>Voici la rotule de table avec jambes de tr\u00e9pied en fibre de carbone \u00e0 1 \u00e9tage (BT03), un tr\u00e9pied polyvalent et compact con\u00e7u pour la pr\u00e9cision et la portabilit\u00e9. Le BT03 est \u00e9quip\u00e9 d&#8217;une rotule robuste qui supporte jusqu&#8217;\u00e0 3 [&hellip;]<\/p>\n","protected":false},"featured_media":2009055,"comment_status":"closed","ping_status":"closed","template":"","meta":[],"product_cat":[3362,3365,3301,3291],"product_tag":[],"acf":[],"gallery_images":[2009048,2009042,2009036,2009030,2009024,2009018],"_links":{"self":[{"href":"https:\/\/eu.tilta.com\/fr\/wp-json\/wp\/v2\/product\/2008768"}],"collection":[{"href":"https:\/\/eu.tilta.com\/fr\/wp-json\/wp\/v2\/product"}],"about":[{"href":"https:\/\/eu.tilta.com\/fr\/wp-json\/wp\/v2\/types\/product"}],"replies":[{"embeddable":true,"href":"https:\/\/eu.tilta.com\/fr\/wp-json\/wp\/v2\/comments?post=2008768"}],"wp:featuredmedia":[{"embeddable":true,"href":"https:\/\/eu.tilta.com\/fr\/wp-json\/wp\/v2\/media\/2009055"}],"wp:attachment":[{"href":"https:\/\/eu.tilta.com\/fr\/wp-json\/wp\/v2\/media?parent=2008768"}],"wp:term":[{"taxonomy":"product_cat","embeddable":true,"href":"https:\/\/eu.tilta.com\/fr\/wp-json\/wp\/v2\/product_cat?post=2008768"},{"taxonomy":"product_tag","embeddable":true,"href":"https:\/\/eu.tilta.com\/fr\/wp-json\/wp\/v2\/product_tag?post=2008768"}],"curies":[{"name":"wp","href":"https:\/\/api.w.org\/{rel}","templated":true}]}}