{"id":2009784,"date":"2024-09-14T10:43:33","date_gmt":"2024-09-14T08:43:33","guid":{"rendered":"https:\/\/eu.tilta.com\/shop\/support-evf-pour-sony-fx6\/"},"modified":"2025-12-05T13:47:24","modified_gmt":"2025-12-05T12:47:24","slug":"evf-bracket-for-sony-fx6","status":"publish","type":"product","link":"https:\/\/eu.tilta.com\/fr\/shop\/evf-bracket-for-sony-fx6\/","title":{"rendered":"Support EVF pour Sony FX6"},"content":{"rendered":"<p>Ce support EVF pour Sony FX6 permet aux utilisateurs de monter leur moniteur d&#8217;affichage plus loin du bo\u00eetier de l&#8217;appareil photo tout en am\u00e9liorant la s\u00e9curit\u00e9 de sa connexion.<\/p>\n<p>La flexibilit\u00e9 accrue de cet accessoire est particuli\u00e8rement utile lors de l&#8217;utilisation de l&#8217;oculaire du viseur.<\/p>\n<p>Le support utilise un rail OTAN qui permet d&#8217;ajuster la position du viseur par rapport \u00e0 la tige de montage centrale.<\/p>\n<p>L&#8217;extr\u00e9mit\u00e9 du support comporte un point de fixation pour l&#8217;\u00e9cran LCD du FX6, qui peut \u00eatre tourn\u00e9 afin de trouver l&#8217;angle de fonctionnement le plus confortable.<\/p>\n<p>Cette fonction est extr\u00eamement utile lors de l&#8217;utilisation d&#8217;un dispositif d&#8217;\u00e9paule avec l&#8217;oculaire de vis\u00e9e, car elle offre plus d&#8217;options \u00e0 l&#8217;op\u00e9rateur pour trouver une position confortable.<\/p>\n","protected":false},"excerpt":{"rendered":"<p>Ce support EVF pour Sony FX6 permet aux utilisateurs de monter leur moniteur d&#8217;affichage plus loin du bo\u00eetier de l&#8217;appareil photo tout en am\u00e9liorant la s\u00e9curit\u00e9 de sa connexion. La flexibilit\u00e9 accrue de cet accessoire est particuli\u00e8rement utile lors de [&hellip;]<\/p>\n","protected":false},"featured_media":2158878,"comment_status":"open","ping_status":"closed","template":"","meta":[],"product_cat":[1697],"product_tag":[],"acf":[],"gallery_images":[2158884,2158890,2158896,2009676],"_links":{"self":[{"href":"https:\/\/eu.tilta.com\/fr\/wp-json\/wp\/v2\/product\/2009784"}],"collection":[{"href":"https:\/\/eu.tilta.com\/fr\/wp-json\/wp\/v2\/product"}],"about":[{"href":"https:\/\/eu.tilta.com\/fr\/wp-json\/wp\/v2\/types\/product"}],"replies":[{"embeddable":true,"href":"https:\/\/eu.tilta.com\/fr\/wp-json\/wp\/v2\/comments?post=2009784"}],"wp:featuredmedia":[{"embeddable":true,"href":"https:\/\/eu.tilta.com\/fr\/wp-json\/wp\/v2\/media\/2158878"}],"wp:attachment":[{"href":"https:\/\/eu.tilta.com\/fr\/wp-json\/wp\/v2\/media?parent=2009784"}],"wp:term":[{"taxonomy":"product_cat","embeddable":true,"href":"https:\/\/eu.tilta.com\/fr\/wp-json\/wp\/v2\/product_cat?post=2009784"},{"taxonomy":"product_tag","embeddable":true,"href":"https:\/\/eu.tilta.com\/fr\/wp-json\/wp\/v2\/product_tag?post=2009784"}],"curies":[{"name":"wp","href":"https:\/\/api.w.org\/{rel}","templated":true}]}}