{"id":2009785,"date":"2024-09-11T05:16:51","date_gmt":"2024-09-11T03:16:51","guid":{"rendered":"https:\/\/eu.tilta.com\/shop\/tilta-mini-pd-v-mount-battery-plate-noir\/"},"modified":"2025-12-05T13:47:24","modified_gmt":"2025-12-05T12:47:24","slug":"tilta-mini-pd-v-mount-battery-plate-black","status":"publish","type":"product","link":"https:\/\/eu.tilta.com\/fr\/shop\/tilta-mini-pd-v-mount-battery-plate-black\/","title":{"rendered":"Tilta Mini PD V Mount Battery Plate &#8211; Noir"},"content":{"rendered":"<div class=\"overview-text\">\n<p><em>Pr\u00e9sentation de la plaque de batterie Tilta Mini PD \u00e0 montage en V<\/em><\/p>\n<p>Cette plaque de batterie permet aux utilisateurs de prolonger l&#8217;autonomie de leur appareil photo et de leurs accessoires gr\u00e2ce \u00e0 des batteries V-Mount de plus grande capacit\u00e9.<\/p>\n<p>Cette plaque propose plusieurs options de sortie d&#8217;alimentation, comme un PD USB-C de 60 W, un P-Tap et une connexion Lemo \u00e0 2 broches.<\/p>\n<p>Cette plaque est unique en son genre car elle comporte des fentes int\u00e9gr\u00e9es pour les sangles, ce qui permet aux utilisateurs de connecter une sangle de s\u00e9curit\u00e9 fournie \u00e0 leur batterie V-Mount.<\/p>\n<p>Cela limite les risques de d\u00e9connexion accidentelle, ce qui est particuli\u00e8rement utile lorsque vous fixez la cam\u00e9ra \u00e0 des syst\u00e8mes de support tels que des supports de voiture.<\/p>\n<p>La plaque de batterie est accompagn\u00e9e d&#8217;un adaptateur pour deux tiges, ce qui permet d&#8217;int\u00e9grer facilement l&#8217;unit\u00e9 dans les syst\u00e8mes utilisant des tiges LWS de 15 mm.<\/p>\n<p>La plaque de batterie comporte \u00e9galement des filetages 1\/4&#8243;-20 et M4 sur le dessus, ce qui permet de monter facilement l&#8217;unit\u00e9 de mani\u00e8re unique gr\u00e2ce \u00e0 des adaptateurs suppl\u00e9mentaires ou \u00e0 des bras articul\u00e9s.<\/p>\n<p><em>Les ports P-Tap\/2 Pin Lemo fournissent 20V\/3A<\/em><\/p>\n<\/div>\n","protected":false},"excerpt":{"rendered":"<p>Pr\u00e9sentation de la plaque de batterie Tilta Mini PD \u00e0 montage en V Cette plaque de batterie permet aux utilisateurs de prolonger l&#8217;autonomie de leur appareil photo et de leurs accessoires gr\u00e2ce \u00e0 des batteries V-Mount de plus grande capacit\u00e9. [&hellip;]<\/p>\n","protected":false},"featured_media":2009214,"comment_status":"closed","ping_status":"closed","template":"","meta":[],"product_cat":[3895,3252,3388,1811,1802,1805,1762,1799,1757,1748,1732,1706,1623,1794,1739,1775,1728,1809,1745,1726,1644,1647,2254],"product_tag":[],"acf":[],"gallery_images":[2009208,2009202,2009196,2009190,2009184,2009178,2009172,2009166],"_links":{"self":[{"href":"https:\/\/eu.tilta.com\/fr\/wp-json\/wp\/v2\/product\/2009785"}],"collection":[{"href":"https:\/\/eu.tilta.com\/fr\/wp-json\/wp\/v2\/product"}],"about":[{"href":"https:\/\/eu.tilta.com\/fr\/wp-json\/wp\/v2\/types\/product"}],"replies":[{"embeddable":true,"href":"https:\/\/eu.tilta.com\/fr\/wp-json\/wp\/v2\/comments?post=2009785"}],"wp:featuredmedia":[{"embeddable":true,"href":"https:\/\/eu.tilta.com\/fr\/wp-json\/wp\/v2\/media\/2009214"}],"wp:attachment":[{"href":"https:\/\/eu.tilta.com\/fr\/wp-json\/wp\/v2\/media?parent=2009785"}],"wp:term":[{"taxonomy":"product_cat","embeddable":true,"href":"https:\/\/eu.tilta.com\/fr\/wp-json\/wp\/v2\/product_cat?post=2009785"},{"taxonomy":"product_tag","embeddable":true,"href":"https:\/\/eu.tilta.com\/fr\/wp-json\/wp\/v2\/product_tag?post=2009785"}],"curies":[{"name":"wp","href":"https:\/\/api.w.org\/{rel}","templated":true}]}}