{"id":2009787,"date":"2024-09-11T08:28:39","date_gmt":"2024-09-11T06:28:39","guid":{"rendered":"https:\/\/eu.tilta.com\/shop\/adaptateur-universel-de-montage-daccessoires-khronos-1-4%e2%80%b3-20\/"},"modified":"2025-12-05T13:47:49","modified_gmt":"2025-12-05T12:47:49","slug":"khronos-universal-accessory-mounting-adapter-1-4%e2%80%b3-20","status":"publish","type":"product","link":"https:\/\/eu.tilta.com\/fr\/shop\/khronos-universal-accessory-mounting-adapter-1-4%e2%80%b3-20\/","title":{"rendered":"Adaptateur universel de montage d&#8217;accessoires Khronos (1\/4\u2033-20)"},"content":{"rendered":"<p><em>Voici l&#8217;adaptateur universel de montage d&#8217;accessoires Khronos.<\/em><\/p>\n<p>Cet adaptateur se monte sur une large gamme de cages de cam\u00e9ra \u00e0 l&#8217;aide d&#8217;une seule vis 1\/4\u2033-20 avec des goupilles de positionnement.<\/p>\n<p>Cet adaptateur permet aux utilisateurs de monter des accessoires Khronos tels que des poign\u00e9es lat\u00e9rales gr\u00e2ce \u00e0 notre fixation unique \u00e0 serrage rapide.<\/p>\n<p>Cela signifie que les utilisateurs sont en mesure d&#8217;ajuster rapidement la position de leurs accessoires presque instantan\u00e9ment sans avoir besoin d&#8217;utiliser un multi-outil.<\/p>\n<p>Cette fonction est particuli\u00e8rement pratique pour passer d&#8217;une configuration de prise de vue horizontale \u00e0 une configuration de prise de vue verticale.<\/p>\n<p>Nous vous recommandons de maintenir la charge utile totale sur cette connexion \u00e0 moins de 11 livres.<\/p>\n","protected":false},"excerpt":{"rendered":"<p>Voici l&#8217;adaptateur universel de montage d&#8217;accessoires Khronos. Cet adaptateur se monte sur une large gamme de cages de cam\u00e9ra \u00e0 l&#8217;aide d&#8217;une seule vis 1\/4\u2033-20 avec des goupilles de positionnement. Cet adaptateur permet aux utilisateurs de monter des accessoires Khronos [&hellip;]<\/p>\n","protected":false},"featured_media":2009311,"comment_status":"closed","ping_status":"closed","template":"","meta":[],"product_cat":[3495,3348],"product_tag":[],"acf":[],"gallery_images":[2009304,2009298,2009292,2009286,2009280,2009274,2009268,2009262],"_links":{"self":[{"href":"https:\/\/eu.tilta.com\/fr\/wp-json\/wp\/v2\/product\/2009787"}],"collection":[{"href":"https:\/\/eu.tilta.com\/fr\/wp-json\/wp\/v2\/product"}],"about":[{"href":"https:\/\/eu.tilta.com\/fr\/wp-json\/wp\/v2\/types\/product"}],"replies":[{"embeddable":true,"href":"https:\/\/eu.tilta.com\/fr\/wp-json\/wp\/v2\/comments?post=2009787"}],"wp:featuredmedia":[{"embeddable":true,"href":"https:\/\/eu.tilta.com\/fr\/wp-json\/wp\/v2\/media\/2009311"}],"wp:attachment":[{"href":"https:\/\/eu.tilta.com\/fr\/wp-json\/wp\/v2\/media?parent=2009787"}],"wp:term":[{"taxonomy":"product_cat","embeddable":true,"href":"https:\/\/eu.tilta.com\/fr\/wp-json\/wp\/v2\/product_cat?post=2009787"},{"taxonomy":"product_tag","embeddable":true,"href":"https:\/\/eu.tilta.com\/fr\/wp-json\/wp\/v2\/product_tag?post=2009787"}],"curies":[{"name":"wp","href":"https:\/\/api.w.org\/{rel}","templated":true}]}}