{"id":2009791,"date":"2024-09-12T04:53:03","date_gmt":"2024-09-12T02:53:03","guid":{"rendered":"https:\/\/eu.tilta.com\/shop\/plaque-de-fixation-rapide-universelle-tilta-manfrotto-noir\/"},"modified":"2025-12-05T13:47:32","modified_gmt":"2025-12-05T12:47:32","slug":"tilta-manfrotto-universal-quick-release-plate-black","status":"publish","type":"product","link":"https:\/\/eu.tilta.com\/fr\/shop\/tilta-manfrotto-universal-quick-release-plate-black\/","title":{"rendered":"Plaque de fixation rapide universelle Tilta Manfrotto &#8211; Noir"},"content":{"rendered":"<p>Cette plaque de fixation rapide universelle Manfrotto peut \u00eatre utilis\u00e9e avec un grand nombre de nos syst\u00e8mes de support et d&#8217;accessoires.<\/p>\n<p>Cette plaque de fixation rapide peut \u00eatre fix\u00e9e au bas d&#8217;un appareil photo ou d&#8217;une cage pour les prises de vue horizontales, ainsi que sur le c\u00f4t\u00e9 de la plupart des cages d&#8217;appareil photo pour les configurations verticales.<\/p>\n<p>Cette plaque peut \u00e9galement remplacer celle fournie avec le tr\u00e9pied CT08 75mm Cine Fluid Head.<\/p>\n<p>REMARQUE : Cette plaque de fixation rapide est compatible avec une gamme de r\u00e9cepteurs Manfrotto, mais la compatibilit\u00e9 avec tous les r\u00e9cepteurs n&#8217;est pas garantie.<\/p>\n","protected":false},"excerpt":{"rendered":"<p>Cette plaque de fixation rapide universelle Manfrotto peut \u00eatre utilis\u00e9e avec un grand nombre de nos syst\u00e8mes de support et d&#8217;accessoires. Cette plaque de fixation rapide peut \u00eatre fix\u00e9e au bas d&#8217;un appareil photo ou d&#8217;une cage pour les prises [&hellip;]<\/p>\n","protected":false},"featured_media":2009566,"comment_status":"closed","ping_status":"closed","template":"","meta":[],"product_cat":[3246,1996],"product_tag":[],"acf":[],"gallery_images":[2009559,2009553,2009547,2009541,2009535,2009529],"_links":{"self":[{"href":"https:\/\/eu.tilta.com\/fr\/wp-json\/wp\/v2\/product\/2009791"}],"collection":[{"href":"https:\/\/eu.tilta.com\/fr\/wp-json\/wp\/v2\/product"}],"about":[{"href":"https:\/\/eu.tilta.com\/fr\/wp-json\/wp\/v2\/types\/product"}],"replies":[{"embeddable":true,"href":"https:\/\/eu.tilta.com\/fr\/wp-json\/wp\/v2\/comments?post=2009791"}],"wp:featuredmedia":[{"embeddable":true,"href":"https:\/\/eu.tilta.com\/fr\/wp-json\/wp\/v2\/media\/2009566"}],"wp:attachment":[{"href":"https:\/\/eu.tilta.com\/fr\/wp-json\/wp\/v2\/media?parent=2009791"}],"wp:term":[{"taxonomy":"product_cat","embeddable":true,"href":"https:\/\/eu.tilta.com\/fr\/wp-json\/wp\/v2\/product_cat?post=2009791"},{"taxonomy":"product_tag","embeddable":true,"href":"https:\/\/eu.tilta.com\/fr\/wp-json\/wp\/v2\/product_tag?post=2009791"}],"curies":[{"name":"wp","href":"https:\/\/api.w.org\/{rel}","templated":true}]}}