{"id":2009792,"date":"2024-09-18T04:37:48","date_gmt":"2024-09-18T02:37:48","guid":{"rendered":"https:\/\/eu.tilta.com\/shop\/plaque-de-batterie-pour-dji-rs-4-plaque-de-passage-dalimentation-serie-l\/"},"modified":"2025-12-05T13:47:32","modified_gmt":"2025-12-05T12:47:32","slug":"battery-plate-for-dji-rs-4-power-pass-through-plate-l-series","status":"publish","type":"product","link":"https:\/\/eu.tilta.com\/fr\/shop\/battery-plate-for-dji-rs-4-power-pass-through-plate-l-series\/","title":{"rendered":"Plaque de batterie pour DJI RS 4 Plaque de passage d&#8217;alimentation &#8211; S\u00e9rie L"},"content":{"rendered":"<p>Cette plaque de batterie de la s\u00e9rie L se monte au bas de la plaque de passage d&#8217;alimentation RS4 et permet aux utilisateurs de l&#8217;alimenter par deux batteries Sony de la s\u00e9rie L.<\/p>\n<p>Il s&#8217;agit d&#8217;une alternative incroyablement l\u00e9g\u00e8re qui permet aux utilisateurs d&#8217;\u00e9largir leurs options d&#8217;alimentation tout en minimisant le poids ajout\u00e9 \u00e0 leur cardan.<\/p>\n<p>Cette plaque de batterie peut fournir la m\u00eame alimentation aux ports de la plaque de passage que les options Gold Mount et V-Mount, beaucoup plus grandes.<\/p>\n<p>Veuillez noter qu&#8217;il n&#8217;y a pas de sorties d&#8217;alimentation sur la plaque elle-m\u00eame et que cette plaque ne peut \u00eatre mont\u00e9e que sur la plaque de passage d&#8217;alimentation qui n&#8217;est pas incluse.<\/p>\n","protected":false},"excerpt":{"rendered":"<p>Cette plaque de batterie de la s\u00e9rie L se monte au bas de la plaque de passage d&#8217;alimentation RS4 et permet aux utilisateurs de l&#8217;alimenter par deux batteries Sony de la s\u00e9rie L. Il s&#8217;agit d&#8217;une alternative incroyablement l\u00e9g\u00e8re qui [&hellip;]<\/p>\n","protected":false},"featured_media":2009761,"comment_status":"open","ping_status":"closed","template":"","meta":[],"product_cat":[3118],"product_tag":[],"acf":[],"gallery_images":[2009755,2009749,2009743,2009737,2009731],"_links":{"self":[{"href":"https:\/\/eu.tilta.com\/fr\/wp-json\/wp\/v2\/product\/2009792"}],"collection":[{"href":"https:\/\/eu.tilta.com\/fr\/wp-json\/wp\/v2\/product"}],"about":[{"href":"https:\/\/eu.tilta.com\/fr\/wp-json\/wp\/v2\/types\/product"}],"replies":[{"embeddable":true,"href":"https:\/\/eu.tilta.com\/fr\/wp-json\/wp\/v2\/comments?post=2009792"}],"wp:featuredmedia":[{"embeddable":true,"href":"https:\/\/eu.tilta.com\/fr\/wp-json\/wp\/v2\/media\/2009761"}],"wp:attachment":[{"href":"https:\/\/eu.tilta.com\/fr\/wp-json\/wp\/v2\/media?parent=2009792"}],"wp:term":[{"taxonomy":"product_cat","embeddable":true,"href":"https:\/\/eu.tilta.com\/fr\/wp-json\/wp\/v2\/product_cat?post=2009792"},{"taxonomy":"product_tag","embeddable":true,"href":"https:\/\/eu.tilta.com\/fr\/wp-json\/wp\/v2\/product_tag?post=2009792"}],"curies":[{"name":"wp","href":"https:\/\/api.w.org\/{rel}","templated":true}]}}