{"id":2009793,"date":"2024-09-14T09:27:45","date_gmt":"2024-09-14T07:27:45","guid":{"rendered":"https:\/\/eu.tilta.com\/shop\/plaque-de-montage-laterale-pour-sony-fx6\/"},"modified":"2026-04-10T23:48:37","modified_gmt":"2026-04-10T21:48:37","slug":"side-mounting-plate-for-sony-fx6","status":"publish","type":"product","link":"https:\/\/eu.tilta.com\/fr\/shop\/side-mounting-plate-for-sony-fx6\/","title":{"rendered":"Plaque de montage lat\u00e9rale pour Sony FX6"},"content":{"rendered":"<p>Cette plaque de montage lat\u00e9rale pour Sony FX6 est l&#8217;accessoire l\u00e9ger parfait pour \u00e9tendre les options de montage de votre cage \u00e0 cam\u00e9ra.<\/p>\n<p>Cette plaque se monte sur le c\u00f4t\u00e9 de la <a href=\"https:\/\/eu.tilta.com\/shop\/camera-cage-for-sony-fx6-advanced-kit\/\">cage de l&#8217;appareil photo pour le Sony FX6<\/a> et comporte des points de montage pour les accessoires tels que les r\u00e9cepteurs de la griffe froide, des filetages 1\/4\u2033-20 et 3\/8\u2033-16 avec des points de rep\u00e8re.<\/p>\n<p>Cette plaque sert \u00e9galement de surface plane pour des possibilit\u00e9s de montage uniques et peut \u00eatre facilement utilis\u00e9e pour des prises de vue verticales en attachant la plaque de fixation rapide d&#8217;un tr\u00e9pied.<\/p>\n<p>Ce kit comprend \u00e9galement des \u00e9tiquettes d&#8217;indexation des cam\u00e9ras A\/B\/C qui peuvent \u00eatre fix\u00e9es \u00e0 un endroit pr\u00e9cis de la plaque lat\u00e9rale afin d&#8217;identifier facilement chaque cam\u00e9ra dans le cadre d&#8217;une installation multi-cam\u00e9ras.<\/p>\n<p><strong>REMARQUE : Cet accessoire n\u00e9cessite notre <a href=\"https:\/\/eu.tilta.com\/shop\/camera-cage-for-sony-fx6-advanced-kit\/\">cage de cam\u00e9ra pour Sony FX6.<\/a><\/strong><\/p>\n","protected":false},"excerpt":{"rendered":"<p>Cette plaque de montage lat\u00e9rale pour Sony FX6 est l&#8217;accessoire l\u00e9ger parfait pour \u00e9tendre les options de montage de votre cage \u00e0 cam\u00e9ra. Cette plaque se monte sur le c\u00f4t\u00e9 de la cage de l&#8217;appareil photo pour le Sony FX6 [&hellip;]<\/p>\n","protected":false},"featured_media":2009639,"comment_status":"open","ping_status":"closed","template":"","meta":[],"product_cat":[1697,2263],"product_tag":[],"acf":[],"gallery_images":[2009633,2009627,2009621,2009615,2009609,2009603],"_links":{"self":[{"href":"https:\/\/eu.tilta.com\/fr\/wp-json\/wp\/v2\/product\/2009793"}],"collection":[{"href":"https:\/\/eu.tilta.com\/fr\/wp-json\/wp\/v2\/product"}],"about":[{"href":"https:\/\/eu.tilta.com\/fr\/wp-json\/wp\/v2\/types\/product"}],"replies":[{"embeddable":true,"href":"https:\/\/eu.tilta.com\/fr\/wp-json\/wp\/v2\/comments?post=2009793"}],"wp:featuredmedia":[{"embeddable":true,"href":"https:\/\/eu.tilta.com\/fr\/wp-json\/wp\/v2\/media\/2009639"}],"wp:attachment":[{"href":"https:\/\/eu.tilta.com\/fr\/wp-json\/wp\/v2\/media?parent=2009793"}],"wp:term":[{"taxonomy":"product_cat","embeddable":true,"href":"https:\/\/eu.tilta.com\/fr\/wp-json\/wp\/v2\/product_cat?post=2009793"},{"taxonomy":"product_tag","embeddable":true,"href":"https:\/\/eu.tilta.com\/fr\/wp-json\/wp\/v2\/product_tag?post=2009793"}],"curies":[{"name":"wp","href":"https:\/\/api.w.org\/{rel}","templated":true}]}}