{"id":2009794,"date":"2024-09-11T09:22:34","date_gmt":"2024-09-11T07:22:34","guid":{"rendered":"https:\/\/eu.tilta.com\/shop\/plaque-dalimentation-tilta-pour-dji-rs-4\/"},"modified":"2026-01-08T11:25:00","modified_gmt":"2026-01-08T10:25:00","slug":"tilta-power-pass-through-plate-for-dji-rs-4","status":"publish","type":"product","link":"https:\/\/eu.tilta.com\/fr\/shop\/tilta-power-pass-through-plate-for-dji-rs-4\/","title":{"rendered":"Plaque d&#8217;alimentation Tilta pour DJI RS 4"},"content":{"rendered":"<p><em>Pr\u00e9sentation de la plaque d&#8217;alimentation pour DJI RS 4<\/em><\/p>\n<p>Cette plaque de passage remplace le chariot d&#8217;origine des DJI RS2, RS3, RS3 Pro, RS4 et RS4 Pro afin d&#8217;\u00e9largir les options d&#8217;alimentation pour les cam\u00e9ras et les accessoires.<\/p>\n<p>Les utilisateurs peuvent retirer la plaque Ronin d&#8217;origine en d\u00e9verrouillant le levier de r\u00e9glage de la hauteur et en faisant glisser la plaque, puis en fixant cet accessoire de la m\u00eame mani\u00e8re.<\/p>\n<p>Les plaques Gold Mount, V-Mount Battery ou Dual NP-F Battery Plate peuvent alors \u00eatre connect\u00e9es afin de monter des batteries sous la plaque.<\/p>\n<p>La plaque comporte (2) ports de sortie P-Tap, (1) port Lemo \u00e0 2 broches et (1) USB-C, parfait pour alimenter votre appareil photo via des c\u00e2bles de batterie factice ou des accessoires tels que des moteurs de suivi de la mise au point sans fil.<\/p>\n<p>Le port Lemo \u00e0 2 broches peut \u00e9galement servir d&#8217;entr\u00e9e d&#8217;alimentation, permettant aux utilisateurs d&#8217;alimenter la plaque via une source externe \u00e0 l&#8217;aide d&#8217;un c\u00e2ble d&#8217;alimentation \u00e0 2 broches (non inclus).<\/p>\n<p>Cette plaque am\u00e9liore l&#8217;\u00e9quilibre de l&#8217;appareil photo et conduit \u00e0 une meilleure performance globale du cardan gr\u00e2ce \u00e0 un centre de gravit\u00e9 plus optimis\u00e9, ce qui est particuli\u00e8rement utile lors de l&#8217;utilisation d&#8217;objectifs plus longs.<\/p>\n<p>Le r\u00e9cepteur Manfrotto en haut et le r\u00e9cepteur Cold Shoe en bas sont identiques \u00e0 l&#8217;original, ce qui signifie que les accessoires DJI, comme la plaque de fixation rapide Manfrotto ou l&#8217;\u00e9metteur vid\u00e9o sans fil Raven Eye, sont toujours compatibles.<\/p>\n","protected":false},"excerpt":{"rendered":"<p>Pr\u00e9sentation de la plaque d&#8217;alimentation pour DJI RS 4 Cette plaque de passage remplace le chariot d&#8217;origine des DJI RS2, RS3, RS3 Pro, RS4 et RS4 Pro afin d&#8217;\u00e9largir les options d&#8217;alimentation pour les cam\u00e9ras et les accessoires. Les utilisateurs [&hellip;]<\/p>\n","protected":false},"featured_media":2009392,"comment_status":"closed","ping_status":"closed","template":"","meta":[],"product_cat":[2249,2418],"product_tag":[],"acf":[],"gallery_images":[2009386,2009380,2009374,2009368],"_links":{"self":[{"href":"https:\/\/eu.tilta.com\/fr\/wp-json\/wp\/v2\/product\/2009794"}],"collection":[{"href":"https:\/\/eu.tilta.com\/fr\/wp-json\/wp\/v2\/product"}],"about":[{"href":"https:\/\/eu.tilta.com\/fr\/wp-json\/wp\/v2\/types\/product"}],"replies":[{"embeddable":true,"href":"https:\/\/eu.tilta.com\/fr\/wp-json\/wp\/v2\/comments?post=2009794"}],"wp:featuredmedia":[{"embeddable":true,"href":"https:\/\/eu.tilta.com\/fr\/wp-json\/wp\/v2\/media\/2009392"}],"wp:attachment":[{"href":"https:\/\/eu.tilta.com\/fr\/wp-json\/wp\/v2\/media?parent=2009794"}],"wp:term":[{"taxonomy":"product_cat","embeddable":true,"href":"https:\/\/eu.tilta.com\/fr\/wp-json\/wp\/v2\/product_cat?post=2009794"},{"taxonomy":"product_tag","embeddable":true,"href":"https:\/\/eu.tilta.com\/fr\/wp-json\/wp\/v2\/product_tag?post=2009794"}],"curies":[{"name":"wp","href":"https:\/\/api.w.org\/{rel}","templated":true}]}}