{"id":2010074,"date":"2022-03-25T13:17:10","date_gmt":"2022-03-25T12:17:10","guid":{"rendered":"https:\/\/eu.tilta.com\/shop\/etui-souple-pour-advanced-ring-grip\/"},"modified":"2026-03-25T17:06:59","modified_gmt":"2026-03-25T16:06:59","slug":"soft-shell-case-for-advanced-ring-grip","status":"publish","type":"product","link":"https:\/\/eu.tilta.com\/fr\/shop\/soft-shell-case-for-advanced-ring-grip\/","title":{"rendered":"\u00c9tui souple pour Advanced Ring Grip"},"content":{"rendered":"<p>Cet \u00e9tui souple est con\u00e7u pour ranger et prot\u00e9ger l&#8217;anneau de pr\u00e9hension Basic\/Advanced, le DJI RS2 Gimbal et d&#8217;autres accessoires de l&#8217;\u00e9cosyst\u00e8me DJI.<\/p>\n<p>Cela vous permet de transporter en toute s\u00e9curit\u00e9 la poign\u00e9e annulaire et le RS2 entre les lieux de tournage et de les ranger proprement lorsqu&#8217;ils ne sont pas utilis\u00e9s.<\/p>\n<p>Les s\u00e9parateurs int\u00e9gr\u00e9s vous permettent d&#8217;organiser facilement votre \u00e9quipement, vos accessoires et vos diff\u00e9rents c\u00e2bles.<\/p>\n<p>La conception double face permet de maximiser l&#8217;espace et de s&#8217;adapter \u00e0 presque toutes les tailles de RS2.<\/p>\n<p>La conception en polyester imperm\u00e9able prot\u00e8ge la valise contre les risques tels que la pluie et la neige, tout en emp\u00eachant la pression de l&#8217;air de s&#8217;accumuler lorsque vous prenez l&#8217;avion avec la valise.<\/p>\n<p>La valise est \u00e9galement dot\u00e9e d&#8217;une housse pour trolley, qui vous permet de la fixer facilement \u00e0 votre bagage ou \u00e0 la poign\u00e9e de votre valise Pelican.<\/p>\n","protected":false},"excerpt":{"rendered":"<p>Cet \u00e9tui souple est con\u00e7u pour ranger et prot\u00e9ger l&#8217;anneau de pr\u00e9hension Basic\/Advanced, le DJI RS2 Gimbal et d&#8217;autres accessoires de l&#8217;\u00e9cosyst\u00e8me DJI. Cela vous permet de transporter en toute s\u00e9curit\u00e9 la poign\u00e9e annulaire et le RS2 entre les lieux [&hellip;]<\/p>\n","protected":false},"featured_media":2010088,"comment_status":"closed","ping_status":"closed","template":"","meta":[],"product_cat":[2363,2290],"product_tag":[],"acf":[],"gallery_images":[2010077,2010078,2010079],"_links":{"self":[{"href":"https:\/\/eu.tilta.com\/fr\/wp-json\/wp\/v2\/product\/2010074"}],"collection":[{"href":"https:\/\/eu.tilta.com\/fr\/wp-json\/wp\/v2\/product"}],"about":[{"href":"https:\/\/eu.tilta.com\/fr\/wp-json\/wp\/v2\/types\/product"}],"replies":[{"embeddable":true,"href":"https:\/\/eu.tilta.com\/fr\/wp-json\/wp\/v2\/comments?post=2010074"}],"wp:featuredmedia":[{"embeddable":true,"href":"https:\/\/eu.tilta.com\/fr\/wp-json\/wp\/v2\/media\/2010088"}],"wp:attachment":[{"href":"https:\/\/eu.tilta.com\/fr\/wp-json\/wp\/v2\/media?parent=2010074"}],"wp:term":[{"taxonomy":"product_cat","embeddable":true,"href":"https:\/\/eu.tilta.com\/fr\/wp-json\/wp\/v2\/product_cat?post=2010074"},{"taxonomy":"product_tag","embeddable":true,"href":"https:\/\/eu.tilta.com\/fr\/wp-json\/wp\/v2\/product_tag?post=2010074"}],"curies":[{"name":"wp","href":"https:\/\/api.w.org\/{rel}","templated":true}]}}